{"id":9951,"date":"2025-05-22T15:41:52","date_gmt":"2025-05-22T12:41:52","guid":{"rendered":"https:\/\/www.burak.com.tr\/tr\/?page_id=9951"},"modified":"2025-08-18T16:12:15","modified_gmt":"2025-08-18T13:12:15","slug":"iletisim","status":"publish","type":"page","link":"https:\/\/www.burak.com.tr\/tr\/iletisim\/","title":{"rendered":"\u0130leti\u015fim"},"content":{"rendered":"<section class=\"l-section wpb_row height_small width_custom\" style=\"--site-content-width:1350px;\"><div class=\"l-section-h i-cf\"><div class=\"g-cols vc_row via_grid cols_1 laptops-cols_inherit tablets-cols_inherit mobiles-cols_1 valign_top type_default stacking_default\"><div class=\"wpb_column vc_column_container\"><div class=\"vc_column-inner\"><div class=\"g-cols wpb_row via_grid cols_2 laptops-cols_inherit tablets-cols_inherit mobiles-cols_1 valign_top type_default stacking_default\" style=\"--columns-gap:6rem;\"><div class=\"wpb_column vc_column_container\"><div class=\"vc_column-inner\"><div class=\"w-vwrapper us_custom_e7fc6f6c us_animate_this align_none valign_top\" style=\"--vwrapper-gap:2.3rem\"><h3 class=\"w-text\"><span class=\"w-text-h\"><span class=\"w-text-value\">\u0130leti\u015fim Bilgileri<\/span><\/span><\/h3><div class=\"w-separator us_custom_1662554d size_custom with_line width_default thick_1 style_solid color_border align_center\" style=\"height:10px\"><div class=\"w-separator-h\"><\/div><\/div><div class=\"w-iconbox iconpos_left style_default color_custom align_left\"><a href=\"https:\/\/g.co\/kgs\/e8jxTCW\" class=\"w-iconbox-link\" aria-label=\"Burak Al\u00fcminyum Fabrika\"><div class=\"w-iconbox-icon\" style=\"font-size:20px;--icon-color:#1A1C1F;--icon-bg-color:var(--color-content-heading);\"><i class=\"far fa-map-pin\"><\/i><\/div><\/a><div class=\"w-iconbox-meta\"><h6 class=\"w-iconbox-title\" style=\"font-size:24px;\"><a href=\"https:\/\/g.co\/kgs\/e8jxTCW\" class=\"w-iconbox-link\" aria-label=\"Burak Al\u00fcminyum Fabrika\"><b>Burak Al\u00fcminyum Fabrika<\/b><\/a><\/h6><div class=\"w-iconbox-text\"><p>Yeni Mah. 15 Sk. No: 3 B\u00fcy\u00fckkar\u0131\u015ft\u0131ran Beldesi L\u00fcleburgaz \/ K\u0131rklareli<\/p>\n<\/div><\/div><\/div><div class=\"w-iconbox iconpos_left style_default color_custom align_left\"><a href=\"mailto:info@burak.com.tr\" class=\"w-iconbox-link\" aria-label=\"E-Posta\"><div class=\"w-iconbox-icon\" style=\"font-size:20px;--icon-color:#1A1C1F;--icon-bg-color:var(--color-content-heading);\"><i class=\"far fa-envelope\"><\/i><\/div><\/a><div class=\"w-iconbox-meta\"><h6 class=\"w-iconbox-title\"><a href=\"mailto:info@burak.com.tr\" class=\"w-iconbox-link\" aria-label=\"E-Posta\">E-Posta<\/a><\/h6><div class=\"w-iconbox-text\"><p>info@burak.com.tr<\/p>\n<\/div><\/div><\/div><div class=\"w-iconbox iconpos_left style_default color_custom align_left\"><div class=\"w-iconbox-icon\" style=\"font-size:20px;--icon-color:#1A1C1F;--icon-bg-color:var(--color-content-heading);\"><i class=\"far fa-phone-alt\"><\/i><\/div><div class=\"w-iconbox-meta\"><h6 class=\"w-iconbox-title\"><b>Telefon<\/b><\/h6><div class=\"w-iconbox-text\"><p>+90 (288) 444 37 40<br \/>\n+90 (288) 436 12 34<\/p>\n<\/div><\/div><\/div><div class=\"w-iconbox iconpos_left style_default color_custom align_left\"><div class=\"w-iconbox-icon\" style=\"font-size:20px;--icon-color:#1A1C1F;--icon-bg-color:var(--color-content-heading);\"><i class=\"fas fa-fax\"><\/i><\/div><div class=\"w-iconbox-meta\"><h6 class=\"w-iconbox-title\"><b>Fax<\/b><\/h6><div class=\"w-iconbox-text\"><p>+90 (288) 436 13 63<\/p>\n<\/div><\/div><\/div><\/div><\/div><\/div><div class=\"wpb_column vc_column_container\"><div class=\"vc_column-inner\"><div class=\"w-separator size_custom\" style=\"height:4vmax\" id=\"gff2\"><style>@media(max-width:600px){ #gff2{height:10vh!important}}<\/style><\/div><h3 class=\"w-text\"><span class=\"w-text-h\"><span class=\"w-text-value\">\u0130leti\u015fime Ge\u00e7in<\/span><\/span><\/h3><form class=\"w-form  us-field-style_1 layout_ver for_cform us_form_1\" autocomplete=\"off\" action=\"https:\/\/www.burak.com.tr\/tr\/tr\/wp-json\/wp\/v2\/pages\/9951\" method=\"post\"><div class=\"w-form-h\"><div class=\"w-form-row for_text cols_2\">\r\n\t\t<div class=\"w-form-row-field\">\r\n\t\t\t\t\t\t<input aria-label=\"Ad\" type=\"text\" name=\"us_form_1_text_1\" value placeholder=\"Ad\"\/>\r\n\t\t\t<\/div>\r\n\t\t<div class=\"w-form-row-state\">Fill out this field<\/div>\r\n<\/div>\r\n<div class=\"w-form-row for_text cols_2\">\r\n\t\t<div class=\"w-form-row-field\">\r\n\t\t\t\t\t\t<input aria-label=\"Soyad\" type=\"text\" name=\"us_form_1_text_2\" value placeholder=\"Soyad\"\/>\r\n\t\t\t<\/div>\r\n\t\t<div class=\"w-form-row-state\">Fill out this field<\/div>\r\n<\/div>\r\n<div class=\"w-form-row for_text\">\r\n\t\t<div class=\"w-form-row-field\">\r\n\t\t\t\t\t\t<input aria-label=\"Telefon\" type=\"text\" name=\"us_form_1_text_3\" value placeholder=\"Telefon\"\/>\r\n\t\t\t<\/div>\r\n\t\t<div class=\"w-form-row-state\">Fill out this field<\/div>\r\n<\/div>\r\n<div class=\"w-form-row for_text\">\r\n\t\t<div class=\"w-form-row-field\">\r\n\t\t\t\t\t\t<input aria-label=\"E-mail\" type=\"text\" name=\"us_form_1_text_4\" value placeholder=\"E-mail\"\/>\r\n\t\t\t<\/div>\r\n\t\t<div class=\"w-form-row-state\">Fill out this field<\/div>\r\n<\/div>\r\n<div class=\"w-form-row for_textarea\">\r\n\t\t<div class=\"w-form-row-field\">\r\n\t\t\t\t\t\t<textarea aria-label=\"Mesaj\u0131n\u0131z\" name=\"us_form_1_textarea_1\" placeholder=\"Mesaj\u0131n\u0131z\"><\/textarea>\r\n\t\t\t<\/div>\r\n\t\t<div class=\"w-form-row-state\">Fill out this field<\/div>\r\n<\/div>\r\n<div class=\"w-form-row for_captcha required\">\r\n\t<div class=\"w-form-row-label\">\r\n\t\t<span> <span>21 - 3 = ?<\/span><\/span>\r\n\t<\/div>\r\n\t<div class=\"w-form-row-field\">\r\n\t\t\t\t<input type=\"hidden\" name=\"us_form_1_captcha_1_hash\" value=\"66029430c9f8a962a5d85f8ad41c4007\" \/>\r\n\t\t\t\t<input aria-label=\"us_form_1_captcha_1\" type=\"text\" name=\"us_form_1_captcha_1\" placeholder data-required=\"true\" aria-required=\"true\"\/>\r\n\t\t\t<\/div>\r\n\t\t<div class=\"w-form-row-state\">Enter the equation result to proceed<\/div>\r\n<\/div>\r\n<input type=\"hidden\" name=\"action\" value=\"us_ajax_cform\" \/>\r\n<input type=\"hidden\" name=\"post_id\" value=\"0\" \/>\r\n<input type=\"hidden\" name=\"form_index\" value=\"1\" \/>\r\n<div class=\"w-form-row for_submit align_none\">\r\n\t<button class=\"w-btn  us-btn-style_1\" aria-label=\"G\u00f6nder\" type=\"submit\">\r\n\t\t<span class=\"g-preloader type_1\"><\/span>\r\n\t\t\t\t<span class=\"w-btn-label\">G\u00f6nder<\/span>\r\n\t\t\t<\/button>\r\n\t<\/div>\r\n<\/div><div class=\"w-form-message\"><\/div><div class=\"w-form-json hidden\" onclick='return {&quot;ajaxurl&quot;:&quot;https:\\\/\\\/www.burak.com.tr\\\/tr\\\/wp-admin\\\/admin-ajax.php&quot;,&quot;messages&quot;:{&quot;err_empty&quot;:&quot;Fill out this field&quot;,&quot;err_size&quot;:&quot;File size cannot exceed %s MB&quot;,&quot;err_extension&quot;:&quot;%s file type is not allowed&quot;,&quot;err_recaptcha_keys&quot;:&quot;reCAPTCHA keys are incorrect&quot;}}'><\/div><\/form><\/div><\/div><\/div><div class=\"w-separator us_custom_1662554d size_custom\" style=\"height:20px\"><\/div><\/div><\/div><\/div><\/div><\/section><section class=\"l-section wpb_row height_auto width_full\"><div class=\"l-section-h i-cf\"><div class=\"g-cols vc_row via_grid cols_1 laptops-cols_inherit tablets-cols_inherit mobiles-cols_1 valign_top type_default stacking_default\"><div class=\"wpb_column vc_column_container\"><div class=\"vc_column-inner\"><div class=\"wpb_text_column\"><div class=\"wpb_wrapper\"><p><iframe loading=\"lazy\" style=\"border: 0;\" src=\"https:\/\/www.google.com\/maps\/embed?pb=!1m18!1m12!1m3!1d2998.9968265177754!2d27.5513886!3d41.265405!2m3!1f0!2f0!3f0!3m2!1i1024!2i768!4f13.1!3m3!1m2!1s0x14b5585f490c121b%3A0xe4589a268764f0ad!2sBurak%20Al%C3%BCminyum%20San.%20ve%20Tic.%20A.%C5%9E!5e0!3m2!1str!2str!4v1750756179497!5m2!1str!2str\" width=\"100%\" height=\"400\" allowfullscreen=\"allowfullscreen\"><\/iframe><\/p>\n<\/div><\/div><\/div><\/div><\/div><\/div><\/section>\n","protected":false},"excerpt":{"rendered":"\u0130leti\u015fim BilgileriBurak Al\u00fcminyum FabrikaYeni Mah. 15 Sk. No: 3 B\u00fcy\u00fckkar\u0131\u015ft\u0131ran Beldesi L\u00fcleburgaz \/ K\u0131rklareli E-Postainfo@burak.com.tr Telefon+90 (288) 444 37 40 +90 (288) 436 12 34 Fax+90 (288) 436 13 63 \u0130leti\u015fime Ge\u00e7in Fill out this field Fill out this field Fill out this field Fill out this field Fill out this field 21 + 7...","protected":false},"author":1,"featured_media":0,"parent":0,"menu_order":0,"comment_status":"closed","ping_status":"closed","template":"","meta":{"_acf_changed":false,"footnotes":""},"class_list":["post-9951","page","type-page","status-publish","hentry"],"acf":[],"yoast_head":"<!-- This site is optimized with the Yoast SEO plugin v27.3 - https:\/\/yoast.com\/product\/yoast-seo-wordpress\/ -->\n<title>\u0130leti\u015fim - Burak Al\u00fcminyum<\/title>\n<meta name=\"robots\" content=\"index, follow, max-snippet:-1, max-image-preview:large, max-video-preview:-1\" \/>\n<link rel=\"canonical\" href=\"https:\/\/www.burak.com.tr\/tr\/iletisim\/\" \/>\n<meta property=\"og:locale\" content=\"tr_TR\" \/>\n<meta property=\"og:type\" content=\"article\" \/>\n<meta property=\"og:title\" content=\"\u0130leti\u015fim - Burak Al\u00fcminyum\" \/>\n<meta property=\"og:url\" content=\"https:\/\/www.burak.com.tr\/tr\/iletisim\/\" \/>\n<meta property=\"og:site_name\" content=\"Burak Al\u00fcminyum\" \/>\n<meta property=\"article:modified_time\" content=\"2025-08-18T13:12:15+00:00\" \/>\n<meta name=\"twitter:card\" content=\"summary_large_image\" \/>\n<meta name=\"twitter:label1\" content=\"Tahmini okuma s\u00fcresi\" \/>\n\t<meta name=\"twitter:data1\" content=\"4 dakika\" \/>\n<script type=\"application\/ld+json\" class=\"yoast-schema-graph\">{\"@context\":\"https:\\\/\\\/schema.org\",\"@graph\":[{\"@type\":\"WebPage\",\"@id\":\"https:\\\/\\\/www.burak.com.tr\\\/tr\\\/iletisim\\\/\",\"url\":\"https:\\\/\\\/www.burak.com.tr\\\/tr\\\/iletisim\\\/\",\"name\":\"\u0130leti\u015fim - Burak Al\u00fcminyum\",\"isPartOf\":{\"@id\":\"https:\\\/\\\/www.burak.com.tr\\\/tr\\\/#website\"},\"datePublished\":\"2025-05-22T12:41:52+00:00\",\"dateModified\":\"2025-08-18T13:12:15+00:00\",\"breadcrumb\":{\"@id\":\"https:\\\/\\\/www.burak.com.tr\\\/tr\\\/iletisim\\\/#breadcrumb\"},\"inLanguage\":\"tr\",\"potentialAction\":[{\"@type\":\"ReadAction\",\"target\":[\"https:\\\/\\\/www.burak.com.tr\\\/tr\\\/iletisim\\\/\"]}]},{\"@type\":\"BreadcrumbList\",\"@id\":\"https:\\\/\\\/www.burak.com.tr\\\/tr\\\/iletisim\\\/#breadcrumb\",\"itemListElement\":[{\"@type\":\"ListItem\",\"position\":1,\"name\":\"Anasayfa\",\"item\":\"https:\\\/\\\/www.burak.com.tr\\\/tr\\\/\"},{\"@type\":\"ListItem\",\"position\":2,\"name\":\"\u0130leti\u015fim\"}]},{\"@type\":\"WebSite\",\"@id\":\"https:\\\/\\\/www.burak.com.tr\\\/tr\\\/#website\",\"url\":\"https:\\\/\\\/www.burak.com.tr\\\/tr\\\/\",\"name\":\"Burak Al\u00fcminyum\",\"description\":\"\",\"potentialAction\":[{\"@type\":\"SearchAction\",\"target\":{\"@type\":\"EntryPoint\",\"urlTemplate\":\"https:\\\/\\\/www.burak.com.tr\\\/tr\\\/?s={search_term_string}\"},\"query-input\":{\"@type\":\"PropertyValueSpecification\",\"valueRequired\":true,\"valueName\":\"search_term_string\"}}],\"inLanguage\":\"tr\"}]}<\/script>\n<!-- \/ Yoast SEO plugin. -->","yoast_head_json":{"title":"\u0130leti\u015fim - Burak Al\u00fcminyum","robots":{"index":"index","follow":"follow","max-snippet":"max-snippet:-1","max-image-preview":"max-image-preview:large","max-video-preview":"max-video-preview:-1"},"canonical":"https:\/\/www.burak.com.tr\/tr\/iletisim\/","og_locale":"tr_TR","og_type":"article","og_title":"\u0130leti\u015fim - Burak Al\u00fcminyum","og_url":"https:\/\/www.burak.com.tr\/tr\/iletisim\/","og_site_name":"Burak Al\u00fcminyum","article_modified_time":"2025-08-18T13:12:15+00:00","twitter_card":"summary_large_image","twitter_misc":{"Tahmini okuma s\u00fcresi":"4 dakika"},"schema":{"@context":"https:\/\/schema.org","@graph":[{"@type":"WebPage","@id":"https:\/\/www.burak.com.tr\/tr\/iletisim\/","url":"https:\/\/www.burak.com.tr\/tr\/iletisim\/","name":"\u0130leti\u015fim - Burak Al\u00fcminyum","isPartOf":{"@id":"https:\/\/www.burak.com.tr\/tr\/#website"},"datePublished":"2025-05-22T12:41:52+00:00","dateModified":"2025-08-18T13:12:15+00:00","breadcrumb":{"@id":"https:\/\/www.burak.com.tr\/tr\/iletisim\/#breadcrumb"},"inLanguage":"tr","potentialAction":[{"@type":"ReadAction","target":["https:\/\/www.burak.com.tr\/tr\/iletisim\/"]}]},{"@type":"BreadcrumbList","@id":"https:\/\/www.burak.com.tr\/tr\/iletisim\/#breadcrumb","itemListElement":[{"@type":"ListItem","position":1,"name":"Anasayfa","item":"https:\/\/www.burak.com.tr\/tr\/"},{"@type":"ListItem","position":2,"name":"\u0130leti\u015fim"}]},{"@type":"WebSite","@id":"https:\/\/www.burak.com.tr\/tr\/#website","url":"https:\/\/www.burak.com.tr\/tr\/","name":"Burak Al\u00fcminyum","description":"","potentialAction":[{"@type":"SearchAction","target":{"@type":"EntryPoint","urlTemplate":"https:\/\/www.burak.com.tr\/tr\/?s={search_term_string}"},"query-input":{"@type":"PropertyValueSpecification","valueRequired":true,"valueName":"search_term_string"}}],"inLanguage":"tr"}]}},"_links":{"self":[{"href":"https:\/\/www.burak.com.tr\/tr\/wp-json\/wp\/v2\/pages\/9951","targetHints":{"allow":["GET"]}}],"collection":[{"href":"https:\/\/www.burak.com.tr\/tr\/wp-json\/wp\/v2\/pages"}],"about":[{"href":"https:\/\/www.burak.com.tr\/tr\/wp-json\/wp\/v2\/types\/page"}],"author":[{"embeddable":true,"href":"https:\/\/www.burak.com.tr\/tr\/wp-json\/wp\/v2\/users\/1"}],"replies":[{"embeddable":true,"href":"https:\/\/www.burak.com.tr\/tr\/wp-json\/wp\/v2\/comments?post=9951"}],"version-history":[{"count":88,"href":"https:\/\/www.burak.com.tr\/tr\/wp-json\/wp\/v2\/pages\/9951\/revisions"}],"predecessor-version":[{"id":11758,"href":"https:\/\/www.burak.com.tr\/tr\/wp-json\/wp\/v2\/pages\/9951\/revisions\/11758"}],"wp:attachment":[{"href":"https:\/\/www.burak.com.tr\/tr\/wp-json\/wp\/v2\/media?parent=9951"}],"curies":[{"name":"wp","href":"https:\/\/api.w.org\/{rel}","templated":true}]}}