{"id":9183,"date":"2025-05-08T17:21:20","date_gmt":"2025-05-08T14:21:20","guid":{"rendered":"https:\/\/www.burak.com.tr\/tr\/?page_id=9183"},"modified":"2025-08-18T16:06:47","modified_gmt":"2025-08-18T13:06:47","slug":"hakkimizda","status":"publish","type":"page","link":"https:\/\/www.burak.com.tr\/tr\/hakkimizda\/","title":{"rendered":"Hakk\u0131m\u0131zda"},"content":{"rendered":"<section class=\"l-section wpb_row height_auto width_full\"><div class=\"l-section-h i-cf\"><div class=\"g-cols vc_row via_grid cols_1 laptops-cols_inherit tablets-cols_inherit mobiles-cols_1 valign_top type_default stacking_default\"><div class=\"wpb_column vc_column_container\"><div class=\"vc_column-inner\"><div class=\"g-cols wpb_row via_grid cols_2 laptops-cols_inherit tablets-cols_inherit mobiles-cols_1 valign_middle type_default stacking_default\" style=\"--columns-gap:3rem;\"><div class=\"wpb_column vc_column_container\"><div class=\"vc_column-inner\"><div class=\"w-image us_custom_7364406c us_animate_this hide_on_tablets hide_on_mobiles style_shadow-1 has_ratio align_center\"><div class=\"w-image-h\"><div style=\"padding-bottom:80%\"><\/div><img decoding=\"async\" width=\"1400\" height=\"793\" src=\"https:\/\/www.burak.com.tr\/tr\/wp-content\/uploads\/2025\/07\/fabrika.webp\" class=\"attachment-full size-full\" alt=\"\" loading=\"lazy\" \/><\/div><\/div><\/div><\/div><div class=\"wpb_column vc_column_container\"><div class=\"vc_column-inner\"><div class=\"w-image us_custom_7364406c us_animate_this hide_on_default hide_on_laptops style_shadow-1 has_ratio align_center\"><div class=\"w-image-h\"><div style=\"padding-bottom:57.1429%\"><\/div><img decoding=\"async\" width=\"1400\" height=\"793\" src=\"https:\/\/www.burak.com.tr\/tr\/wp-content\/uploads\/2025\/07\/fabrika.webp\" class=\"attachment-full size-full\" alt=\"\" loading=\"lazy\" \/><\/div><\/div><div class=\"w-separator hide_on_default hide_on_laptops size_large\"><\/div><h2 class=\"w-text us_custom_2a406cfe us_animate_this\"><span class=\"w-text-h\"><span class=\"w-text-value\">Al\u00fcminyumda G\u00fcc\u00fcn ve Geli\u015fimin Hikayesi<\/span><\/span><\/h2><div class=\"wpb_text_column us_custom_f12e2105 us_animate_this\"><div class=\"wpb_wrapper\"><p>Burak Al\u00fcminyum, 1984 y\u0131l\u0131nda kurulmu\u015f olup, K\u0131rklareli, T\u00fcrkiye\u2019de faaliyet g\u00f6steren; al\u00fcminyum ekstr\u00fczyon profilleri ve mimari sistemler alan\u0131nda uzmanla\u015fm\u0131\u015f k\u00f6kl\u00fc bir sanayi kurulu\u015fudur. Geni\u015f \u00fcretim kapasitesi, g\u00fc\u00e7l\u00fc ihracat a\u011f\u0131 ve sahip oldu\u011fu kapsaml\u0131 sertifikasyon altyap\u0131s\u0131yla, T\u00fcrkiye\u2019de sekt\u00f6r\u00fcn\u00fcn \u00f6nde gelen firmalar\u0131ndan biri konumundad\u0131r.<\/p>\n<p>45.000 m\u00b2\u2019si kapal\u0131 olmak \u00fczere toplam 200.000 m\u00b2 alana sahip modern ve entegre tesisinde; eloksal, elektrostatik toz boya kaplama, mekanik i\u015fleme ve proje bazl\u0131 \u00f6zel \u00e7\u00f6z\u00fcmler sunmaktad\u0131r. Firma, bug\u00fcne kadar yurt i\u00e7inde ve yurt d\u0131\u015f\u0131nda, 70\u2019i a\u015fk\u0131n \u00fclkede bir\u00e7ok prestijli projede yer alm\u0131\u015ft\u0131r.<\/p>\n<p>Ar-Ge\u2019ye yapt\u0131\u011f\u0131 yat\u0131r\u0131mlar ve yenilik\u00e7i \u00fcr\u00fcn geli\u015ftirme yakla\u015f\u0131m\u0131 sayesinde Burak Al\u00fcminyum, s\u00fcrd\u00fcr\u00fclebilir kalite anlay\u0131\u015f\u0131yla hem i\u00e7 hem de d\u0131\u015f pazarda g\u00fc\u00e7l\u00fc bir konum elde etmi\u015f, sekt\u00f6r\u00fcnde \u00f6nc\u00fc rol\u00fcn\u00fc peki\u015ftirmi\u015ftir.<\/p>\n<\/div><\/div><\/div><\/div><\/div><\/div><\/div><\/div><\/div><\/section>\n","protected":false},"excerpt":{"rendered":"Al\u00fcminyumda G\u00fcc\u00fcn ve Geli\u015fimin HikayesiBurak Al\u00fcminyum, 1984 y\u0131l\u0131nda kurulmu\u015f olup, K\u0131rklareli, T\u00fcrkiye\u2019de faaliyet g\u00f6steren; al\u00fcminyum ekstr\u00fczyon profilleri ve mimari sistemler alan\u0131nda uzmanla\u015fm\u0131\u015f k\u00f6kl\u00fc bir sanayi kurulu\u015fudur. Geni\u015f \u00fcretim kapasitesi, g\u00fc\u00e7l\u00fc ihracat a\u011f\u0131 ve sahip oldu\u011fu kapsaml\u0131 sertifikasyon altyap\u0131s\u0131yla, T\u00fcrkiye\u2019de sekt\u00f6r\u00fcn\u00fcn \u00f6nde gelen firmalar\u0131ndan biri konumundad\u0131r. 45.000 m\u00b2\u2019si kapal\u0131 olmak \u00fczere toplam 200.000 m\u00b2 alana sahip...","protected":false},"author":1,"featured_media":0,"parent":0,"menu_order":0,"comment_status":"closed","ping_status":"closed","template":"","meta":{"_acf_changed":false,"footnotes":""},"class_list":["post-9183","page","type-page","status-publish","hentry"],"acf":[],"yoast_head":"<!-- This site is optimized with the Yoast SEO plugin v27.3 - https:\/\/yoast.com\/product\/yoast-seo-wordpress\/ -->\n<title>Hakk\u0131m\u0131zda - Burak Al\u00fcminyum<\/title>\n<meta name=\"robots\" content=\"index, follow, max-snippet:-1, max-image-preview:large, max-video-preview:-1\" \/>\n<link rel=\"canonical\" href=\"https:\/\/www.burak.com.tr\/tr\/hakkimizda\/\" \/>\n<meta property=\"og:locale\" content=\"tr_TR\" \/>\n<meta property=\"og:type\" content=\"article\" \/>\n<meta property=\"og:title\" content=\"Hakk\u0131m\u0131zda - Burak Al\u00fcminyum\" \/>\n<meta property=\"og:url\" content=\"https:\/\/www.burak.com.tr\/tr\/hakkimizda\/\" \/>\n<meta property=\"og:site_name\" content=\"Burak Al\u00fcminyum\" \/>\n<meta property=\"article:modified_time\" content=\"2025-08-18T13:06:47+00:00\" \/>\n<meta name=\"twitter:card\" content=\"summary_large_image\" \/>\n<meta name=\"twitter:label1\" content=\"Tahmini okuma s\u00fcresi\" \/>\n\t<meta name=\"twitter:data1\" content=\"3 dakika\" \/>\n<script type=\"application\/ld+json\" class=\"yoast-schema-graph\">{\"@context\":\"https:\\\/\\\/schema.org\",\"@graph\":[{\"@type\":\"WebPage\",\"@id\":\"https:\\\/\\\/www.burak.com.tr\\\/tr\\\/hakkimizda\\\/\",\"url\":\"https:\\\/\\\/www.burak.com.tr\\\/tr\\\/hakkimizda\\\/\",\"name\":\"Hakk\u0131m\u0131zda - Burak Al\u00fcminyum\",\"isPartOf\":{\"@id\":\"https:\\\/\\\/www.burak.com.tr\\\/tr\\\/#website\"},\"datePublished\":\"2025-05-08T14:21:20+00:00\",\"dateModified\":\"2025-08-18T13:06:47+00:00\",\"breadcrumb\":{\"@id\":\"https:\\\/\\\/www.burak.com.tr\\\/tr\\\/hakkimizda\\\/#breadcrumb\"},\"inLanguage\":\"tr\",\"potentialAction\":[{\"@type\":\"ReadAction\",\"target\":[\"https:\\\/\\\/www.burak.com.tr\\\/tr\\\/hakkimizda\\\/\"]}]},{\"@type\":\"BreadcrumbList\",\"@id\":\"https:\\\/\\\/www.burak.com.tr\\\/tr\\\/hakkimizda\\\/#breadcrumb\",\"itemListElement\":[{\"@type\":\"ListItem\",\"position\":1,\"name\":\"Anasayfa\",\"item\":\"https:\\\/\\\/www.burak.com.tr\\\/tr\\\/\"},{\"@type\":\"ListItem\",\"position\":2,\"name\":\"Hakk\u0131m\u0131zda\"}]},{\"@type\":\"WebSite\",\"@id\":\"https:\\\/\\\/www.burak.com.tr\\\/tr\\\/#website\",\"url\":\"https:\\\/\\\/www.burak.com.tr\\\/tr\\\/\",\"name\":\"Burak Al\u00fcminyum\",\"description\":\"\",\"potentialAction\":[{\"@type\":\"SearchAction\",\"target\":{\"@type\":\"EntryPoint\",\"urlTemplate\":\"https:\\\/\\\/www.burak.com.tr\\\/tr\\\/?s={search_term_string}\"},\"query-input\":{\"@type\":\"PropertyValueSpecification\",\"valueRequired\":true,\"valueName\":\"search_term_string\"}}],\"inLanguage\":\"tr\"}]}<\/script>\n<!-- \/ Yoast SEO plugin. -->","yoast_head_json":{"title":"Hakk\u0131m\u0131zda - Burak Al\u00fcminyum","robots":{"index":"index","follow":"follow","max-snippet":"max-snippet:-1","max-image-preview":"max-image-preview:large","max-video-preview":"max-video-preview:-1"},"canonical":"https:\/\/www.burak.com.tr\/tr\/hakkimizda\/","og_locale":"tr_TR","og_type":"article","og_title":"Hakk\u0131m\u0131zda - Burak Al\u00fcminyum","og_url":"https:\/\/www.burak.com.tr\/tr\/hakkimizda\/","og_site_name":"Burak Al\u00fcminyum","article_modified_time":"2025-08-18T13:06:47+00:00","twitter_card":"summary_large_image","twitter_misc":{"Tahmini okuma s\u00fcresi":"3 dakika"},"schema":{"@context":"https:\/\/schema.org","@graph":[{"@type":"WebPage","@id":"https:\/\/www.burak.com.tr\/tr\/hakkimizda\/","url":"https:\/\/www.burak.com.tr\/tr\/hakkimizda\/","name":"Hakk\u0131m\u0131zda - Burak Al\u00fcminyum","isPartOf":{"@id":"https:\/\/www.burak.com.tr\/tr\/#website"},"datePublished":"2025-05-08T14:21:20+00:00","dateModified":"2025-08-18T13:06:47+00:00","breadcrumb":{"@id":"https:\/\/www.burak.com.tr\/tr\/hakkimizda\/#breadcrumb"},"inLanguage":"tr","potentialAction":[{"@type":"ReadAction","target":["https:\/\/www.burak.com.tr\/tr\/hakkimizda\/"]}]},{"@type":"BreadcrumbList","@id":"https:\/\/www.burak.com.tr\/tr\/hakkimizda\/#breadcrumb","itemListElement":[{"@type":"ListItem","position":1,"name":"Anasayfa","item":"https:\/\/www.burak.com.tr\/tr\/"},{"@type":"ListItem","position":2,"name":"Hakk\u0131m\u0131zda"}]},{"@type":"WebSite","@id":"https:\/\/www.burak.com.tr\/tr\/#website","url":"https:\/\/www.burak.com.tr\/tr\/","name":"Burak Al\u00fcminyum","description":"","potentialAction":[{"@type":"SearchAction","target":{"@type":"EntryPoint","urlTemplate":"https:\/\/www.burak.com.tr\/tr\/?s={search_term_string}"},"query-input":{"@type":"PropertyValueSpecification","valueRequired":true,"valueName":"search_term_string"}}],"inLanguage":"tr"}]}},"_links":{"self":[{"href":"https:\/\/www.burak.com.tr\/tr\/wp-json\/wp\/v2\/pages\/9183","targetHints":{"allow":["GET"]}}],"collection":[{"href":"https:\/\/www.burak.com.tr\/tr\/wp-json\/wp\/v2\/pages"}],"about":[{"href":"https:\/\/www.burak.com.tr\/tr\/wp-json\/wp\/v2\/types\/page"}],"author":[{"embeddable":true,"href":"https:\/\/www.burak.com.tr\/tr\/wp-json\/wp\/v2\/users\/1"}],"replies":[{"embeddable":true,"href":"https:\/\/www.burak.com.tr\/tr\/wp-json\/wp\/v2\/comments?post=9183"}],"version-history":[{"count":56,"href":"https:\/\/www.burak.com.tr\/tr\/wp-json\/wp\/v2\/pages\/9183\/revisions"}],"predecessor-version":[{"id":11749,"href":"https:\/\/www.burak.com.tr\/tr\/wp-json\/wp\/v2\/pages\/9183\/revisions\/11749"}],"wp:attachment":[{"href":"https:\/\/www.burak.com.tr\/tr\/wp-json\/wp\/v2\/media?parent=9183"}],"curies":[{"name":"wp","href":"https:\/\/api.w.org\/{rel}","templated":true}]}}