{"id":9170,"date":"2025-05-08T13:36:53","date_gmt":"2025-05-08T10:36:53","guid":{"rendered":"https:\/\/www.burak.com.tr\/tr\/?page_id=9170"},"modified":"2025-08-18T16:10:11","modified_gmt":"2025-08-18T13:10:11","slug":"uretim","status":"publish","type":"page","link":"https:\/\/www.burak.com.tr\/tr\/uretim\/","title":{"rendered":"\u00dcretim"},"content":{"rendered":"<section class=\"l-section wpb_row height_small width_full\"><div class=\"l-section-h i-cf\"><div class=\"g-cols vc_row via_grid cols_1 laptops-cols_inherit tablets-cols_inherit mobiles-cols_1 valign_top type_default stacking_default\" style=\"--columns-gap:0rem;\"><div class=\"wpb_column vc_column_container\"><div class=\"vc_column-inner\"><div class=\"w-grid type_grid layout_10133 cols_5 overflow_hidden\" id=\"us_grid_1\" style=\"--columns:5;--gap:0.1rem;\" data-filterable=\"true\"><style>@media (max-width:1380px){#us_grid_1{--columns:4!important}}@media (max-width:1380px){#us_grid_1{--gap:10px!important}}@media (max-width:1024px){#us_grid_1{--columns:3!important}}@media (max-width:1024px){#us_grid_1{--gap:10px!important}}@media (max-width:600px){#us_grid_1{--columns:2!important}}@media (max-width:600px){#us_grid_1{--gap:10px!important}}.layout_10133 .w-grid-item-h{color:#ffffff;box-shadow:0 0.03rem 0.06rem rgba(0,0,0,0.1),0 0.1rem 0.3rem rgba(0,0,0,0.1);transition-duration:0.3s}.no-touch .layout_10133 .w-grid-item-h:hover{box-shadow:0 0.12rem 0.24rem rgba(0,0,0,0.1),0 0.4rem 1.2rem rgba(0,0,0,0.15);z-index:4}.layout_10133 .usg_post_image_1{transition-duration:0.75s;transform-origin:50% 50%;transform:scale(1) translate(0%,0%)}.layout_10133 .w-grid-item-h:hover .usg_post_image_1{transform:scale(1.03) translate(0%,0%);opacity:1}.layout_10133 .usg_vwrapper_1{position:absolute!important;left:0!important;bottom:0!important;right:0!important;background:linear-gradient(360deg,#1a150e 0%,rgba(0,0,0,0) 100%)!important;padding:15% 7% 7% 7%!important}.layout_10133 .usg_post_title_1{color:#ffffff!important;font-size:21px!important;font-weight:800!important;margin-bottom:18px!important}@media (min-width:1025px) and (max-width:1380px){.layout_10133 .usg_post_title_1{font-size:20px!important;font-weight:600!important}}@media (min-width:601px) and (max-width:1024px){.layout_10133 .usg_post_title_1{font-size:22px!important;font-weight:600!important}}@media (max-width:600px){.layout_10133 .usg_post_title_1{font-size:18px!important;font-weight:600!important}}<\/style><div class=\"w-grid-list\">\t<article class=\"w-grid-item size_1x1 post-9209 uretim type-uretim status-publish has-post-thumbnail hentry\" data-id=\"9209\">\r\n\t\t<div class=\"w-grid-item-h\">\r\n\t\t\t\t\t\t<div class=\"w-post-elm post_image usg_post_image_1 has_ratio\"><a href=\"https:\/\/www.burak.com.tr\/tr\/uretim\/dokumhane\/\" aria-label=\"D\u00f6k\u00fcmhane\"><img loading=\"lazy\" decoding=\"async\" width=\"1000\" height=\"757\" src=\"https:\/\/www.burak.com.tr\/tr\/wp-content\/uploads\/2025\/05\/dokumhane03.webp\" class=\"attachment-full size-full wp-post-image\" alt=\"\" \/><\/a><div style=\"padding-bottom:133.3333%\"><\/div><\/div><div class=\"w-vwrapper usg_vwrapper_1 align_none valign_top\" style=\"--vwrapper-gap:0rem\"><p class=\"w-post-elm post_title usg_post_title_1 has_text_color entry-title color_link_inherit\"><a href=\"https:\/\/www.burak.com.tr\/tr\/uretim\/dokumhane\/\">D\u00f6k\u00fcmhane<\/a><\/p><\/div>\t\t<\/div>\r\n\t\t\t<\/article>\r\n\t<article class=\"w-grid-item size_1x1 post-9210 uretim type-uretim status-publish has-post-thumbnail hentry\" data-id=\"9210\">\r\n\t\t<div class=\"w-grid-item-h\">\r\n\t\t\t\t\t\t<div class=\"w-post-elm post_image usg_post_image_1 has_ratio\"><a href=\"https:\/\/www.burak.com.tr\/tr\/uretim\/ekstruzyon\/\" aria-label=\"Ekstr\u00fczyon\"><img loading=\"lazy\" decoding=\"async\" width=\"1200\" height=\"675\" src=\"https:\/\/www.burak.com.tr\/tr\/wp-content\/uploads\/2025\/05\/ekstruzyon-1.webp\" class=\"attachment-full size-full wp-post-image\" alt=\"\" \/><\/a><div style=\"padding-bottom:133.3333%\"><\/div><\/div><div class=\"w-vwrapper usg_vwrapper_1 align_none valign_top\" style=\"--vwrapper-gap:0rem\"><p class=\"w-post-elm post_title usg_post_title_1 has_text_color entry-title color_link_inherit\"><a href=\"https:\/\/www.burak.com.tr\/tr\/uretim\/ekstruzyon\/\">Ekstr\u00fczyon<\/a><\/p><\/div>\t\t<\/div>\r\n\t\t\t<\/article>\r\n\t<article class=\"w-grid-item size_1x1 post-9211 uretim type-uretim status-publish has-post-thumbnail hentry\" data-id=\"9211\">\r\n\t\t<div class=\"w-grid-item-h\">\r\n\t\t\t\t\t\t<div class=\"w-post-elm post_image usg_post_image_1 has_ratio\"><a href=\"https:\/\/www.burak.com.tr\/tr\/uretim\/kaliphane\/\" aria-label=\"Kal\u0131phane\"><img loading=\"lazy\" decoding=\"async\" width=\"1200\" height=\"675\" src=\"https:\/\/www.burak.com.tr\/tr\/wp-content\/uploads\/2025\/05\/kaliphane-2.webp\" class=\"attachment-full size-full wp-post-image\" alt=\"\" \/><\/a><div style=\"padding-bottom:133.3333%\"><\/div><\/div><div class=\"w-vwrapper usg_vwrapper_1 align_none valign_top\" style=\"--vwrapper-gap:0rem\"><p class=\"w-post-elm post_title usg_post_title_1 has_text_color entry-title color_link_inherit\"><a href=\"https:\/\/www.burak.com.tr\/tr\/uretim\/kaliphane\/\">Kal\u0131phane<\/a><\/p><\/div>\t\t<\/div>\r\n\t\t\t<\/article>\r\n\t<article class=\"w-grid-item size_1x1 post-9212 uretim type-uretim status-publish has-post-thumbnail hentry\" data-id=\"9212\">\r\n\t\t<div class=\"w-grid-item-h\">\r\n\t\t\t\t\t\t<div class=\"w-post-elm post_image usg_post_image_1 has_ratio\"><a href=\"https:\/\/www.burak.com.tr\/tr\/uretim\/mekanik-islem\/\" aria-label=\"Mekanik \u0130\u015flem\"><img loading=\"lazy\" decoding=\"async\" width=\"1000\" height=\"750\" src=\"https:\/\/www.burak.com.tr\/tr\/wp-content\/uploads\/2025\/05\/mekanikislem02.webp\" class=\"attachment-full size-full wp-post-image\" alt=\"\" \/><\/a><div style=\"padding-bottom:133.3333%\"><\/div><\/div><div class=\"w-vwrapper usg_vwrapper_1 align_none valign_top\" style=\"--vwrapper-gap:0rem\"><p class=\"w-post-elm post_title usg_post_title_1 has_text_color entry-title color_link_inherit\"><a href=\"https:\/\/www.burak.com.tr\/tr\/uretim\/mekanik-islem\/\">Mekanik \u0130\u015flem<\/a><\/p><\/div>\t\t<\/div>\r\n\t\t\t<\/article>\r\n\t<article class=\"w-grid-item size_1x1 post-9213 uretim type-uretim status-publish has-post-thumbnail hentry\" data-id=\"9213\">\r\n\t\t<div class=\"w-grid-item-h\">\r\n\t\t\t\t\t\t<div class=\"w-post-elm post_image usg_post_image_1 has_ratio\"><a href=\"https:\/\/www.burak.com.tr\/tr\/uretim\/boyahane\/\" aria-label=\"Boyahane\"><img loading=\"lazy\" decoding=\"async\" width=\"1200\" height=\"900\" src=\"https:\/\/www.burak.com.tr\/tr\/wp-content\/uploads\/2025\/05\/boyahane-2.webp\" class=\"attachment-full size-full wp-post-image\" alt=\"\" \/><\/a><div style=\"padding-bottom:133.3333%\"><\/div><\/div><div class=\"w-vwrapper usg_vwrapper_1 align_none valign_top\" style=\"--vwrapper-gap:0rem\"><p class=\"w-post-elm post_title usg_post_title_1 has_text_color entry-title color_link_inherit\"><a href=\"https:\/\/www.burak.com.tr\/tr\/uretim\/boyahane\/\">Boyahane<\/a><\/p><\/div>\t\t<\/div>\r\n\t\t\t<\/article>\r\n\t<article class=\"w-grid-item size_1x1 post-9214 uretim type-uretim status-publish has-post-thumbnail hentry\" data-id=\"9214\">\r\n\t\t<div class=\"w-grid-item-h\">\r\n\t\t\t\t\t\t<div class=\"w-post-elm post_image usg_post_image_1 has_ratio\"><a href=\"https:\/\/www.burak.com.tr\/tr\/uretim\/eloksal\/\" aria-label=\"Eloksal\"><img loading=\"lazy\" decoding=\"async\" width=\"1200\" height=\"900\" src=\"https:\/\/www.burak.com.tr\/tr\/wp-content\/uploads\/2025\/05\/eloksal-4.webp\" class=\"attachment-full size-full wp-post-image\" alt=\"\" \/><\/a><div style=\"padding-bottom:133.3333%\"><\/div><\/div><div class=\"w-vwrapper usg_vwrapper_1 align_none valign_top\" style=\"--vwrapper-gap:0rem\"><p class=\"w-post-elm post_title usg_post_title_1 has_text_color entry-title color_link_inherit\"><a href=\"https:\/\/www.burak.com.tr\/tr\/uretim\/eloksal\/\">Eloksal<\/a><\/p><\/div>\t\t<\/div>\r\n\t\t\t<\/article>\r\n\t<article class=\"w-grid-item size_1x1 post-9215 uretim type-uretim status-publish has-post-thumbnail hentry\" data-id=\"9215\">\r\n\t\t<div class=\"w-grid-item-h\">\r\n\t\t\t\t\t\t<div class=\"w-post-elm post_image usg_post_image_1 has_ratio\"><a href=\"https:\/\/www.burak.com.tr\/tr\/uretim\/sevkiyat-paketleme\/\" aria-label=\"Sevkiyat &#038; Paketleme\"><img loading=\"lazy\" decoding=\"async\" width=\"1200\" height=\"900\" src=\"https:\/\/www.burak.com.tr\/tr\/wp-content\/uploads\/2025\/05\/sevkiyat-paketleme-1.webp\" class=\"attachment-full size-full wp-post-image\" alt=\"\" \/><\/a><div style=\"padding-bottom:133.3333%\"><\/div><\/div><div class=\"w-vwrapper usg_vwrapper_1 align_none valign_top\" style=\"--vwrapper-gap:0rem\"><p class=\"w-post-elm post_title usg_post_title_1 has_text_color entry-title color_link_inherit\"><a href=\"https:\/\/www.burak.com.tr\/tr\/uretim\/sevkiyat-paketleme\/\">Sevkiyat &#038; Paketleme<\/a><\/p><\/div>\t\t<\/div>\r\n\t\t\t<\/article>\r\n<\/div><div class=\"w-grid-preloader\">\t<div class=\"g-preloader type_2\">\r\n\t\t<div><\/div>\r\n\t<\/div>\r\n\t<\/div>\t<div class=\"w-grid-json hidden\" onclick='return {&quot;action&quot;:&quot;us_ajax_grid&quot;,&quot;infinite_scroll&quot;:0,&quot;max_num_pages&quot;:1,&quot;pagination&quot;:&quot;none&quot;,&quot;template_vars&quot;:{&quot;columns&quot;:&quot;5&quot;,&quot;exclude_items&quot;:&quot;none&quot;,&quot;img_size&quot;:&quot;default&quot;,&quot;ignore_items_size&quot;:0,&quot;items_layout&quot;:&quot;10133&quot;,&quot;items_offset&quot;:&quot;1&quot;,&quot;load_animation&quot;:&quot;none&quot;,&quot;overriding_link&quot;:&quot;%7B%22url%22%3A%22%22%7D&quot;,&quot;post_id&quot;:0,&quot;query_args&quot;:{&quot;post_type&quot;:[&quot;uretim&quot;],&quot;post_status&quot;:[&quot;publish&quot;,&quot;acf-disabled&quot;],&quot;posts_per_page&quot;:999},&quot;orderby_query_args&quot;:{&quot;orderby&quot;:{&quot;date&quot;:&quot;ASC&quot;}},&quot;type&quot;:&quot;grid&quot;,&quot;us_grid_post_type&quot;:&quot;uretim&quot;,&quot;us_grid_ajax_index&quot;:1,&quot;us_grid_filter_query_string&quot;:null,&quot;us_grid_index&quot;:1,&quot;page_args&quot;:[]}}'><\/div>\r\n\t<\/div><\/div><\/div><\/div><\/div><\/section>\n","protected":false},"excerpt":{"rendered":"Burak Al\u00fcminyum\u2019da \u00fcretimin kalitesi kadar, bu kalitenin m\u00fc\u015fteriye eksiksiz ve g\u00fcvenli \u015fekilde ula\u015fmas\u0131 da \u00f6nceli\u011fimizdir. Bu anlay\u0131\u015fla yap\u0131land\u0131rd\u0131\u011f\u0131m\u0131z Sevkiyat ve Paketleme B\u00f6l\u00fcm\u00fcm\u00fcz, \u00fcr\u00fcnlerin ta\u015f\u0131ma s\u00fcrecinde en y\u00fcksek korumay\u0131 sa\u011flayacak \u015fekilde faaliyet g\u00f6stermektedir. \u00dcr\u00fcnlerimiz, m\u00fc\u015fteri taleplerine ve kullan\u0131m alanlar\u0131na uygun olarak \u00f6zel ambalaj teknikleri ile paketlenmekte; y\u00fczey kalitesinin ve \u00fcr\u00fcn formunun bozulmadan korunmas\u0131 hedeflenmektedir. Folyo, sarma,...","protected":false},"author":1,"featured_media":0,"parent":0,"menu_order":0,"comment_status":"closed","ping_status":"closed","template":"","meta":{"_acf_changed":false,"footnotes":""},"class_list":["post-9170","page","type-page","status-publish","hentry"],"acf":[],"yoast_head":"<!-- This site is optimized with the Yoast SEO plugin v27.3 - https:\/\/yoast.com\/product\/yoast-seo-wordpress\/ -->\n<title>\u00dcretim - Burak Al\u00fcminyum<\/title>\n<meta name=\"robots\" content=\"index, follow, max-snippet:-1, max-image-preview:large, max-video-preview:-1\" \/>\n<link rel=\"canonical\" href=\"https:\/\/www.burak.com.tr\/tr\/uretim\/\" \/>\n<meta property=\"og:locale\" content=\"tr_TR\" \/>\n<meta property=\"og:type\" content=\"article\" \/>\n<meta property=\"og:title\" content=\"\u00dcretim - Burak Al\u00fcminyum\" \/>\n<meta property=\"og:url\" content=\"https:\/\/www.burak.com.tr\/tr\/uretim\/\" \/>\n<meta property=\"og:site_name\" content=\"Burak Al\u00fcminyum\" \/>\n<meta property=\"article:modified_time\" content=\"2025-08-18T13:10:11+00:00\" \/>\n<meta name=\"twitter:card\" content=\"summary_large_image\" \/>\n<meta name=\"twitter:label1\" content=\"Tahmini okuma s\u00fcresi\" \/>\n\t<meta name=\"twitter:data1\" content=\"1 dakika\" \/>\n<script type=\"application\/ld+json\" class=\"yoast-schema-graph\">{\"@context\":\"https:\\\/\\\/schema.org\",\"@graph\":[{\"@type\":\"WebPage\",\"@id\":\"https:\\\/\\\/www.burak.com.tr\\\/tr\\\/uretim\\\/\",\"url\":\"https:\\\/\\\/www.burak.com.tr\\\/tr\\\/uretim\\\/\",\"name\":\"\u00dcretim - Burak Al\u00fcminyum\",\"isPartOf\":{\"@id\":\"https:\\\/\\\/www.burak.com.tr\\\/tr\\\/#website\"},\"datePublished\":\"2025-05-08T10:36:53+00:00\",\"dateModified\":\"2025-08-18T13:10:11+00:00\",\"breadcrumb\":{\"@id\":\"https:\\\/\\\/www.burak.com.tr\\\/tr\\\/uretim\\\/#breadcrumb\"},\"inLanguage\":\"tr\",\"potentialAction\":[{\"@type\":\"ReadAction\",\"target\":[\"https:\\\/\\\/www.burak.com.tr\\\/tr\\\/uretim\\\/\"]}]},{\"@type\":\"BreadcrumbList\",\"@id\":\"https:\\\/\\\/www.burak.com.tr\\\/tr\\\/uretim\\\/#breadcrumb\",\"itemListElement\":[{\"@type\":\"ListItem\",\"position\":1,\"name\":\"Anasayfa\",\"item\":\"https:\\\/\\\/www.burak.com.tr\\\/tr\\\/\"},{\"@type\":\"ListItem\",\"position\":2,\"name\":\"\u00dcretim\"}]},{\"@type\":\"WebSite\",\"@id\":\"https:\\\/\\\/www.burak.com.tr\\\/tr\\\/#website\",\"url\":\"https:\\\/\\\/www.burak.com.tr\\\/tr\\\/\",\"name\":\"Burak Al\u00fcminyum\",\"description\":\"\",\"potentialAction\":[{\"@type\":\"SearchAction\",\"target\":{\"@type\":\"EntryPoint\",\"urlTemplate\":\"https:\\\/\\\/www.burak.com.tr\\\/tr\\\/?s={search_term_string}\"},\"query-input\":{\"@type\":\"PropertyValueSpecification\",\"valueRequired\":true,\"valueName\":\"search_term_string\"}}],\"inLanguage\":\"tr\"}]}<\/script>\n<!-- \/ Yoast SEO plugin. -->","yoast_head_json":{"title":"\u00dcretim - Burak Al\u00fcminyum","robots":{"index":"index","follow":"follow","max-snippet":"max-snippet:-1","max-image-preview":"max-image-preview:large","max-video-preview":"max-video-preview:-1"},"canonical":"https:\/\/www.burak.com.tr\/tr\/uretim\/","og_locale":"tr_TR","og_type":"article","og_title":"\u00dcretim - Burak Al\u00fcminyum","og_url":"https:\/\/www.burak.com.tr\/tr\/uretim\/","og_site_name":"Burak Al\u00fcminyum","article_modified_time":"2025-08-18T13:10:11+00:00","twitter_card":"summary_large_image","twitter_misc":{"Tahmini okuma s\u00fcresi":"1 dakika"},"schema":{"@context":"https:\/\/schema.org","@graph":[{"@type":"WebPage","@id":"https:\/\/www.burak.com.tr\/tr\/uretim\/","url":"https:\/\/www.burak.com.tr\/tr\/uretim\/","name":"\u00dcretim - Burak Al\u00fcminyum","isPartOf":{"@id":"https:\/\/www.burak.com.tr\/tr\/#website"},"datePublished":"2025-05-08T10:36:53+00:00","dateModified":"2025-08-18T13:10:11+00:00","breadcrumb":{"@id":"https:\/\/www.burak.com.tr\/tr\/uretim\/#breadcrumb"},"inLanguage":"tr","potentialAction":[{"@type":"ReadAction","target":["https:\/\/www.burak.com.tr\/tr\/uretim\/"]}]},{"@type":"BreadcrumbList","@id":"https:\/\/www.burak.com.tr\/tr\/uretim\/#breadcrumb","itemListElement":[{"@type":"ListItem","position":1,"name":"Anasayfa","item":"https:\/\/www.burak.com.tr\/tr\/"},{"@type":"ListItem","position":2,"name":"\u00dcretim"}]},{"@type":"WebSite","@id":"https:\/\/www.burak.com.tr\/tr\/#website","url":"https:\/\/www.burak.com.tr\/tr\/","name":"Burak Al\u00fcminyum","description":"","potentialAction":[{"@type":"SearchAction","target":{"@type":"EntryPoint","urlTemplate":"https:\/\/www.burak.com.tr\/tr\/?s={search_term_string}"},"query-input":{"@type":"PropertyValueSpecification","valueRequired":true,"valueName":"search_term_string"}}],"inLanguage":"tr"}]}},"_links":{"self":[{"href":"https:\/\/www.burak.com.tr\/tr\/wp-json\/wp\/v2\/pages\/9170","targetHints":{"allow":["GET"]}}],"collection":[{"href":"https:\/\/www.burak.com.tr\/tr\/wp-json\/wp\/v2\/pages"}],"about":[{"href":"https:\/\/www.burak.com.tr\/tr\/wp-json\/wp\/v2\/types\/page"}],"author":[{"embeddable":true,"href":"https:\/\/www.burak.com.tr\/tr\/wp-json\/wp\/v2\/users\/1"}],"replies":[{"embeddable":true,"href":"https:\/\/www.burak.com.tr\/tr\/wp-json\/wp\/v2\/comments?post=9170"}],"version-history":[{"count":14,"href":"https:\/\/www.burak.com.tr\/tr\/wp-json\/wp\/v2\/pages\/9170\/revisions"}],"predecessor-version":[{"id":11754,"href":"https:\/\/www.burak.com.tr\/tr\/wp-json\/wp\/v2\/pages\/9170\/revisions\/11754"}],"wp:attachment":[{"href":"https:\/\/www.burak.com.tr\/tr\/wp-json\/wp\/v2\/media?parent=9170"}],"curies":[{"name":"wp","href":"https:\/\/api.w.org\/{rel}","templated":true}]}}