{"id":9166,"date":"2025-05-08T13:36:33","date_gmt":"2025-05-08T10:36:33","guid":{"rendered":"https:\/\/www.burak.com.tr\/tr\/?page_id=9166"},"modified":"2025-08-18T16:09:18","modified_gmt":"2025-08-18T13:09:18","slug":"faaliyet-alanlari","status":"publish","type":"page","link":"https:\/\/www.burak.com.tr\/tr\/faaliyet-alanlari\/","title":{"rendered":"Faaliyet Alanlar\u0131"},"content":{"rendered":"<section class=\"l-section wpb_row us_custom_edeb1da0 height_small width_full\"><div class=\"l-section-h i-cf\"><div class=\"g-cols vc_row via_grid cols_1 laptops-cols_inherit tablets-cols_inherit mobiles-cols_1 valign_top type_default stacking_default\" style=\"--columns-gap:0rem;\"><div class=\"wpb_column vc_column_container\"><div class=\"vc_column-inner\"><div class=\"w-grid type_grid layout_9300 cols_5 ratio_custom\" id=\"us_grid_1\" style=\"--columns:5;--gap:0.1rem;--item-ratio:1.33333;\"><style>@media (max-width:1380px){#us_grid_1{--columns:4!important}}@media (max-width:1380px){#us_grid_1{--gap:10px!important}}@media (max-width:1024px){#us_grid_1{--columns:3!important}}@media (max-width:1024px){#us_grid_1{--gap:10px!important}}@media (max-width:600px){#us_grid_1{--columns:2!important}}@media (max-width:600px){#us_grid_1{--gap:10px!important}}.layout_9300 .w-grid-item-h{background:#333}.layout_9300 .usg_post_custom_field_1{transition-duration:0.75s;transform-origin:50% 50%;transform:scale(1) translate(0%,0%)}.layout_9300 .w-grid-item-h:hover .usg_post_custom_field_1{transform:scale(1.03) translate(0%,0%);opacity:1}.layout_9300 .usg_vwrapper_1{position:absolute!important;left:0!important;bottom:0!important;right:0!important;background:linear-gradient(360deg,#1a150e 0%,rgba(0,0,0,0) 100%)!important;padding:15% 7% 7% 7%!important}.layout_9300 .usg_post_title_1{color:#ffffff!important;font-size:22px!important;font-weight:800!important;margin-bottom:18px!important}.layout_9300 .usg_post_custom_field_1{position:absolute!important;left:0!important;top:0!important;bottom:0!important;right:0!important}@media (min-width:1025px) and (max-width:1380px){.layout_9300 .usg_post_title_1{color:#ffffff!important;font-size:22px!important;font-weight:800!important}}@media (min-width:601px) and (max-width:1024px){.layout_9300 .usg_post_title_1{color:#ffffff!important;font-size:20px!important;font-weight:800!important}}@media (max-width:600px){.layout_9300 .usg_post_title_1{color:#ffffff!important;font-size:18px!important;font-weight:800!important}}<\/style><div class=\"w-grid-list\">\t<div class=\"w-grid-item type_term term-15 term-menteseli-sistemler ratio_custom\">\r\n\t\t<div class=\"w-grid-item-h\">\r\n\t\t\t\t\t\t<div class=\"w-post-elm post_custom_field usg_post_custom_field_1 type_image one_cikarilmis_gorsel color_link_inherit has_ratio\"><a href=\"https:\/\/www.burak.com.tr\/tr\/faaliyet-alanlari-kategori\/menteseli-sistemler\/\"><div style=\"padding-bottom:133.3333%\"><\/div><img loading=\"lazy\" decoding=\"async\" width=\"1200\" height=\"801\" src=\"https:\/\/www.burak.com.tr\/tr\/wp-content\/uploads\/2025\/05\/burak-grsl-1.webp\" class=\"attachment-full size-full\" alt=\"\" srcset=\"https:\/\/www.burak.com.tr\/tr\/wp-content\/uploads\/2025\/05\/burak-grsl-1.webp 1200w, https:\/\/www.burak.com.tr\/tr\/wp-content\/uploads\/2025\/05\/burak-grsl-1-300x200.webp 300w, https:\/\/www.burak.com.tr\/tr\/wp-content\/uploads\/2025\/05\/burak-grsl-1-1024x684.webp 1024w\" sizes=\"auto, (max-width: 1200px) 100vw, 1200px\" \/><\/a><\/div><div class=\"w-vwrapper usg_vwrapper_1 align_none valign_top\"><p class=\"w-post-elm post_title usg_post_title_1 has_text_color entry-title color_link_inherit\"><a href=\"https:\/\/www.burak.com.tr\/tr\/faaliyet-alanlari-kategori\/menteseli-sistemler\/\">Mente\u015feli Sistemler<\/a><\/p><\/div>\t\t<\/div>\r\n\t\t\t<\/div>\r\n\t<div class=\"w-grid-item type_term term-16 term-surme-sistemler ratio_custom\">\r\n\t\t<div class=\"w-grid-item-h\">\r\n\t\t\t\t\t\t<div class=\"w-post-elm post_custom_field usg_post_custom_field_1 type_image one_cikarilmis_gorsel color_link_inherit has_ratio\"><a href=\"https:\/\/www.burak.com.tr\/tr\/faaliyet-alanlari-kategori\/surme-sistemler\/\"><div style=\"padding-bottom:133.3333%\"><\/div><img loading=\"lazy\" decoding=\"async\" width=\"1024\" height=\"575\" src=\"https:\/\/www.burak.com.tr\/tr\/wp-content\/uploads\/2025\/05\/vonsteel-gumustepe-villa-projesi-bursa.webp\" class=\"attachment-full size-full\" alt=\"\" srcset=\"https:\/\/www.burak.com.tr\/tr\/wp-content\/uploads\/2025\/05\/vonsteel-gumustepe-villa-projesi-bursa.webp 1024w, https:\/\/www.burak.com.tr\/tr\/wp-content\/uploads\/2025\/05\/vonsteel-gumustepe-villa-projesi-bursa-300x168.webp 300w\" sizes=\"auto, (max-width: 1024px) 100vw, 1024px\" \/><\/a><\/div><div class=\"w-vwrapper usg_vwrapper_1 align_none valign_top\"><p class=\"w-post-elm post_title usg_post_title_1 has_text_color entry-title color_link_inherit\"><a href=\"https:\/\/www.burak.com.tr\/tr\/faaliyet-alanlari-kategori\/surme-sistemler\/\">S\u00fcrme Sistemler<\/a><\/p><\/div>\t\t<\/div>\r\n\t\t\t<\/div>\r\n\t<div class=\"w-grid-item type_term term-17 term-giydirme-cephe ratio_custom\">\r\n\t\t<div class=\"w-grid-item-h\">\r\n\t\t\t\t\t\t<div class=\"w-post-elm post_custom_field usg_post_custom_field_1 type_image one_cikarilmis_gorsel color_link_inherit has_ratio\"><a href=\"https:\/\/www.burak.com.tr\/tr\/faaliyet-alanlari-kategori\/giydirme-cephe\/\"><div style=\"padding-bottom:133.3333%\"><\/div><img loading=\"lazy\" decoding=\"async\" width=\"2000\" height=\"1333\" src=\"https:\/\/www.burak.com.tr\/tr\/wp-content\/uploads\/2025\/05\/burak-alu-gorsel-1.webp\" class=\"attachment-full size-full\" alt=\"\" srcset=\"https:\/\/www.burak.com.tr\/tr\/wp-content\/uploads\/2025\/05\/burak-alu-gorsel-1.webp 2000w, https:\/\/www.burak.com.tr\/tr\/wp-content\/uploads\/2025\/05\/burak-alu-gorsel-1-300x200.webp 300w, https:\/\/www.burak.com.tr\/tr\/wp-content\/uploads\/2025\/05\/burak-alu-gorsel-1-1024x682.webp 1024w, https:\/\/www.burak.com.tr\/tr\/wp-content\/uploads\/2025\/05\/burak-alu-gorsel-1-1536x1024.webp 1536w\" sizes=\"auto, (max-width: 2000px) 100vw, 2000px\" \/><\/a><\/div><div class=\"w-vwrapper usg_vwrapper_1 align_none valign_top\"><p class=\"w-post-elm post_title usg_post_title_1 has_text_color entry-title color_link_inherit\"><a href=\"https:\/\/www.burak.com.tr\/tr\/faaliyet-alanlari-kategori\/giydirme-cephe\/\">Giydirme Cephe<\/a><\/p><\/div>\t\t<\/div>\r\n\t\t\t<\/div>\r\n\t<div class=\"w-grid-item type_term term-18 term-ofis-bolme-sistemleri ratio_custom\">\r\n\t\t<div class=\"w-grid-item-h\">\r\n\t\t\t\t\t\t<div class=\"w-post-elm post_custom_field usg_post_custom_field_1 type_image one_cikarilmis_gorsel color_link_inherit has_ratio\"><a href=\"https:\/\/www.burak.com.tr\/tr\/faaliyet-alanlari-kategori\/ofis-bolme-sistemleri\/\"><div style=\"padding-bottom:133.3333%\"><\/div><img loading=\"lazy\" decoding=\"async\" width=\"1200\" height=\"800\" src=\"https:\/\/www.burak.com.tr\/tr\/wp-content\/uploads\/2025\/05\/burak-alu-gorsel2.jpg\" class=\"attachment-full size-full\" alt=\"\" srcset=\"https:\/\/www.burak.com.tr\/tr\/wp-content\/uploads\/2025\/05\/burak-alu-gorsel2.jpg 1200w, https:\/\/www.burak.com.tr\/tr\/wp-content\/uploads\/2025\/05\/burak-alu-gorsel2-300x200.jpg 300w, https:\/\/www.burak.com.tr\/tr\/wp-content\/uploads\/2025\/05\/burak-alu-gorsel2-1024x683.jpg 1024w\" sizes=\"auto, (max-width: 1200px) 100vw, 1200px\" \/><\/a><\/div><div class=\"w-vwrapper usg_vwrapper_1 align_none valign_top\"><p class=\"w-post-elm post_title usg_post_title_1 has_text_color entry-title color_link_inherit\"><a href=\"https:\/\/www.burak.com.tr\/tr\/faaliyet-alanlari-kategori\/ofis-bolme-sistemleri\/\">Ofis B\u00f6lme Sistemleri<\/a><\/p><\/div>\t\t<\/div>\r\n\t\t\t<\/div>\r\n\t<div class=\"w-grid-item type_term term-19 term-cati-isiklik ratio_custom\">\r\n\t\t<div class=\"w-grid-item-h\">\r\n\t\t\t\t\t\t<div class=\"w-post-elm post_custom_field usg_post_custom_field_1 type_image one_cikarilmis_gorsel color_link_inherit has_ratio\"><a href=\"https:\/\/www.burak.com.tr\/tr\/faaliyet-alanlari-kategori\/cati-isiklik\/\"><div style=\"padding-bottom:133.3333%\"><\/div><img loading=\"lazy\" decoding=\"async\" width=\"1024\" height=\"741\" src=\"https:\/\/www.burak.com.tr\/tr\/wp-content\/uploads\/2025\/05\/casa-mia-mogan-ankara-villa-projesi.webp\" class=\"attachment-full size-full\" alt=\"\" srcset=\"https:\/\/www.burak.com.tr\/tr\/wp-content\/uploads\/2025\/05\/casa-mia-mogan-ankara-villa-projesi.webp 1024w, https:\/\/www.burak.com.tr\/tr\/wp-content\/uploads\/2025\/05\/casa-mia-mogan-ankara-villa-projesi-300x217.webp 300w\" sizes=\"auto, (max-width: 1024px) 100vw, 1024px\" \/><\/a><\/div><div class=\"w-vwrapper usg_vwrapper_1 align_none valign_top\"><p class=\"w-post-elm post_title usg_post_title_1 has_text_color entry-title color_link_inherit\"><a href=\"https:\/\/www.burak.com.tr\/tr\/faaliyet-alanlari-kategori\/cati-isiklik\/\">\u00c7at\u0131 I\u015f\u0131kl\u0131k<\/a><\/p><\/div>\t\t<\/div>\r\n\t\t\t<\/div>\r\n\t<div class=\"w-grid-item type_term term-20 term-ekstruzyon ratio_custom\">\r\n\t\t<div class=\"w-grid-item-h\">\r\n\t\t\t\t\t\t<div class=\"w-post-elm post_custom_field usg_post_custom_field_1 type_image one_cikarilmis_gorsel color_link_inherit has_ratio\"><a href=\"https:\/\/www.burak.com.tr\/tr\/faaliyet-alanlari-kategori\/ekstruzyon\/\"><div style=\"padding-bottom:133.3333%\"><\/div><img loading=\"lazy\" decoding=\"async\" width=\"2000\" height=\"1333\" src=\"https:\/\/www.burak.com.tr\/tr\/wp-content\/uploads\/2025\/05\/baslik-arkaplan.webp\" class=\"attachment-full size-full\" alt=\"\" srcset=\"https:\/\/www.burak.com.tr\/tr\/wp-content\/uploads\/2025\/05\/baslik-arkaplan.webp 2000w, https:\/\/www.burak.com.tr\/tr\/wp-content\/uploads\/2025\/05\/baslik-arkaplan-300x200.webp 300w, https:\/\/www.burak.com.tr\/tr\/wp-content\/uploads\/2025\/05\/baslik-arkaplan-1024x682.webp 1024w, https:\/\/www.burak.com.tr\/tr\/wp-content\/uploads\/2025\/05\/baslik-arkaplan-1536x1024.webp 1536w\" sizes=\"auto, (max-width: 2000px) 100vw, 2000px\" \/><\/a><\/div><div class=\"w-vwrapper usg_vwrapper_1 align_none valign_top\"><p class=\"w-post-elm post_title usg_post_title_1 has_text_color entry-title color_link_inherit\"><a href=\"https:\/\/www.burak.com.tr\/tr\/faaliyet-alanlari-kategori\/ekstruzyon\/\">Ekstr\u00fczyon<\/a><\/p><\/div>\t\t<\/div>\r\n\t\t\t<\/div>\r\n\t<div class=\"w-grid-item type_term term-47 term-korkuluk-kupeste-sistemleri ratio_custom\">\r\n\t\t<div class=\"w-grid-item-h\">\r\n\t\t\t\t\t\t<div class=\"w-post-elm post_custom_field usg_post_custom_field_1 type_image one_cikarilmis_gorsel color_link_inherit has_ratio\"><a href=\"https:\/\/www.burak.com.tr\/tr\/faaliyet-alanlari-kategori\/korkuluk-kupeste-sistemleri\/\"><div style=\"padding-bottom:133.3333%\"><\/div><img loading=\"lazy\" decoding=\"async\" width=\"2000\" height=\"1342\" src=\"https:\/\/www.burak.com.tr\/tr\/wp-content\/uploads\/2025\/05\/burak-alu-gorsel-1-1.webp\" class=\"g-placeholder\" alt=\"\" srcset=\"https:\/\/www.burak.com.tr\/tr\/wp-content\/uploads\/2025\/05\/burak-alu-gorsel-1-1.webp 2000w, https:\/\/www.burak.com.tr\/tr\/wp-content\/uploads\/2025\/05\/burak-alu-gorsel-1-1-300x201.webp 300w, https:\/\/www.burak.com.tr\/tr\/wp-content\/uploads\/2025\/05\/burak-alu-gorsel-1-1-1024x687.webp 1024w, https:\/\/www.burak.com.tr\/tr\/wp-content\/uploads\/2025\/05\/burak-alu-gorsel-1-1-1536x1031.webp 1536w\" sizes=\"auto, (max-width: 2000px) 100vw, 2000px\" \/><\/a><\/div><div class=\"w-vwrapper usg_vwrapper_1 align_none valign_top\"><p class=\"w-post-elm post_title usg_post_title_1 has_text_color entry-title color_link_inherit\"><a href=\"https:\/\/www.burak.com.tr\/tr\/faaliyet-alanlari-kategori\/korkuluk-kupeste-sistemleri\/\">Korkuluk &amp; K\u00fcpe\u015fte Sistemleri<\/a><\/p><\/div>\t\t<\/div>\r\n\t\t\t<\/div>\r\n<\/div>\t<div class=\"w-grid-json hidden\" onclick='return []'><\/div>\r\n\t<\/div><\/div><\/div><\/div><\/div><\/section>\n","protected":false},"excerpt":{"rendered":"Mente\u015feli Sistemler S\u00fcrme Sistemler Giydirme Cephe Ofis B\u00f6lme Sistemleri \u00c7at\u0131 I\u015f\u0131kl\u0131k Ekstr\u00fczyon Korkuluk &amp; K\u00fcpe\u015fte Sistemleri","protected":false},"author":1,"featured_media":0,"parent":0,"menu_order":0,"comment_status":"closed","ping_status":"closed","template":"","meta":{"_acf_changed":false,"footnotes":""},"class_list":["post-9166","page","type-page","status-publish","hentry"],"acf":[],"yoast_head":"<!-- This site is optimized with the Yoast SEO plugin v27.3 - https:\/\/yoast.com\/product\/yoast-seo-wordpress\/ -->\n<title>Faaliyet Alanlar\u0131 - Burak Al\u00fcminyum<\/title>\n<meta name=\"robots\" content=\"index, follow, max-snippet:-1, max-image-preview:large, max-video-preview:-1\" \/>\n<link rel=\"canonical\" href=\"https:\/\/www.burak.com.tr\/tr\/faaliyet-alanlari\/\" \/>\n<meta property=\"og:locale\" content=\"tr_TR\" \/>\n<meta property=\"og:type\" content=\"article\" \/>\n<meta property=\"og:title\" content=\"Faaliyet Alanlar\u0131 - Burak Al\u00fcminyum\" \/>\n<meta property=\"og:url\" content=\"https:\/\/www.burak.com.tr\/tr\/faaliyet-alanlari\/\" \/>\n<meta property=\"og:site_name\" content=\"Burak Al\u00fcminyum\" \/>\n<meta property=\"article:modified_time\" content=\"2025-08-18T13:09:18+00:00\" \/>\n<meta name=\"twitter:card\" content=\"summary_large_image\" \/>\n<meta name=\"twitter:label1\" content=\"Tahmini okuma s\u00fcresi\" \/>\n\t<meta name=\"twitter:data1\" content=\"1 dakika\" \/>\n<script type=\"application\/ld+json\" class=\"yoast-schema-graph\">{\"@context\":\"https:\\\/\\\/schema.org\",\"@graph\":[{\"@type\":\"WebPage\",\"@id\":\"https:\\\/\\\/www.burak.com.tr\\\/tr\\\/faaliyet-alanlari\\\/\",\"url\":\"https:\\\/\\\/www.burak.com.tr\\\/tr\\\/faaliyet-alanlari\\\/\",\"name\":\"Faaliyet Alanlar\u0131 - Burak Al\u00fcminyum\",\"isPartOf\":{\"@id\":\"https:\\\/\\\/www.burak.com.tr\\\/tr\\\/#website\"},\"datePublished\":\"2025-05-08T10:36:33+00:00\",\"dateModified\":\"2025-08-18T13:09:18+00:00\",\"breadcrumb\":{\"@id\":\"https:\\\/\\\/www.burak.com.tr\\\/tr\\\/faaliyet-alanlari\\\/#breadcrumb\"},\"inLanguage\":\"tr\",\"potentialAction\":[{\"@type\":\"ReadAction\",\"target\":[\"https:\\\/\\\/www.burak.com.tr\\\/tr\\\/faaliyet-alanlari\\\/\"]}]},{\"@type\":\"BreadcrumbList\",\"@id\":\"https:\\\/\\\/www.burak.com.tr\\\/tr\\\/faaliyet-alanlari\\\/#breadcrumb\",\"itemListElement\":[{\"@type\":\"ListItem\",\"position\":1,\"name\":\"Anasayfa\",\"item\":\"https:\\\/\\\/www.burak.com.tr\\\/tr\\\/\"},{\"@type\":\"ListItem\",\"position\":2,\"name\":\"Faaliyet Alanlar\u0131\"}]},{\"@type\":\"WebSite\",\"@id\":\"https:\\\/\\\/www.burak.com.tr\\\/tr\\\/#website\",\"url\":\"https:\\\/\\\/www.burak.com.tr\\\/tr\\\/\",\"name\":\"Burak Al\u00fcminyum\",\"description\":\"\",\"potentialAction\":[{\"@type\":\"SearchAction\",\"target\":{\"@type\":\"EntryPoint\",\"urlTemplate\":\"https:\\\/\\\/www.burak.com.tr\\\/tr\\\/?s={search_term_string}\"},\"query-input\":{\"@type\":\"PropertyValueSpecification\",\"valueRequired\":true,\"valueName\":\"search_term_string\"}}],\"inLanguage\":\"tr\"}]}<\/script>\n<!-- \/ Yoast SEO plugin. -->","yoast_head_json":{"title":"Faaliyet Alanlar\u0131 - Burak Al\u00fcminyum","robots":{"index":"index","follow":"follow","max-snippet":"max-snippet:-1","max-image-preview":"max-image-preview:large","max-video-preview":"max-video-preview:-1"},"canonical":"https:\/\/www.burak.com.tr\/tr\/faaliyet-alanlari\/","og_locale":"tr_TR","og_type":"article","og_title":"Faaliyet Alanlar\u0131 - Burak Al\u00fcminyum","og_url":"https:\/\/www.burak.com.tr\/tr\/faaliyet-alanlari\/","og_site_name":"Burak Al\u00fcminyum","article_modified_time":"2025-08-18T13:09:18+00:00","twitter_card":"summary_large_image","twitter_misc":{"Tahmini okuma s\u00fcresi":"1 dakika"},"schema":{"@context":"https:\/\/schema.org","@graph":[{"@type":"WebPage","@id":"https:\/\/www.burak.com.tr\/tr\/faaliyet-alanlari\/","url":"https:\/\/www.burak.com.tr\/tr\/faaliyet-alanlari\/","name":"Faaliyet Alanlar\u0131 - Burak Al\u00fcminyum","isPartOf":{"@id":"https:\/\/www.burak.com.tr\/tr\/#website"},"datePublished":"2025-05-08T10:36:33+00:00","dateModified":"2025-08-18T13:09:18+00:00","breadcrumb":{"@id":"https:\/\/www.burak.com.tr\/tr\/faaliyet-alanlari\/#breadcrumb"},"inLanguage":"tr","potentialAction":[{"@type":"ReadAction","target":["https:\/\/www.burak.com.tr\/tr\/faaliyet-alanlari\/"]}]},{"@type":"BreadcrumbList","@id":"https:\/\/www.burak.com.tr\/tr\/faaliyet-alanlari\/#breadcrumb","itemListElement":[{"@type":"ListItem","position":1,"name":"Anasayfa","item":"https:\/\/www.burak.com.tr\/tr\/"},{"@type":"ListItem","position":2,"name":"Faaliyet Alanlar\u0131"}]},{"@type":"WebSite","@id":"https:\/\/www.burak.com.tr\/tr\/#website","url":"https:\/\/www.burak.com.tr\/tr\/","name":"Burak Al\u00fcminyum","description":"","potentialAction":[{"@type":"SearchAction","target":{"@type":"EntryPoint","urlTemplate":"https:\/\/www.burak.com.tr\/tr\/?s={search_term_string}"},"query-input":{"@type":"PropertyValueSpecification","valueRequired":true,"valueName":"search_term_string"}}],"inLanguage":"tr"}]}},"_links":{"self":[{"href":"https:\/\/www.burak.com.tr\/tr\/wp-json\/wp\/v2\/pages\/9166","targetHints":{"allow":["GET"]}}],"collection":[{"href":"https:\/\/www.burak.com.tr\/tr\/wp-json\/wp\/v2\/pages"}],"about":[{"href":"https:\/\/www.burak.com.tr\/tr\/wp-json\/wp\/v2\/types\/page"}],"author":[{"embeddable":true,"href":"https:\/\/www.burak.com.tr\/tr\/wp-json\/wp\/v2\/users\/1"}],"replies":[{"embeddable":true,"href":"https:\/\/www.burak.com.tr\/tr\/wp-json\/wp\/v2\/comments?post=9166"}],"version-history":[{"count":39,"href":"https:\/\/www.burak.com.tr\/tr\/wp-json\/wp\/v2\/pages\/9166\/revisions"}],"predecessor-version":[{"id":11753,"href":"https:\/\/www.burak.com.tr\/tr\/wp-json\/wp\/v2\/pages\/9166\/revisions\/11753"}],"wp:attachment":[{"href":"https:\/\/www.burak.com.tr\/tr\/wp-json\/wp\/v2\/media?parent=9166"}],"curies":[{"name":"wp","href":"https:\/\/api.w.org\/{rel}","templated":true}]}}