{"id":9545,"date":"2025-05-20T13:15:53","date_gmt":"2025-05-20T10:15:53","guid":{"rendered":"https:\/\/www.burak.com.tr\/de\/?page_id=9545"},"modified":"2025-08-20T13:51:01","modified_gmt":"2025-08-20T10:51:01","slug":"nachhaltigkeit","status":"publish","type":"page","link":"https:\/\/www.burak.com.tr\/de\/nachhaltigkeit\/","title":{"rendered":"Nachhaltigkeit"},"content":{"rendered":"<section class=\"l-section wpb_row us_custom_b5ec8e81 height_auto full_height valign_center width_full color_primary\"><div class=\"l-section-overlay\" style=\"background:#001938\"><\/div><div class=\"l-section-h i-cf\"><div class=\"g-cols vc_row via_grid cols_2 laptops-cols_inherit tablets-cols_1 mobiles-cols_1 valign_middle type_default stacking_default\"><div class=\"wpb_column vc_column_container us_custom_4637487f us_animate_this\"><div class=\"vc_column-inner\"><div class=\"w-separator hide_on_tablets hide_on_mobiles size_custom\" style=\"height:10rem\"><\/div><h2 class=\"w-text us_custom_0e96ed73\"><span class=\"w-text-h\"><span class=\"w-text-value\">NACHHALTIGKEIT<\/span><\/span><\/h2><div class=\"wpb_text_column us_custom_0e61a34f\"><div class=\"wpb_wrapper\"><p>Nachhaltigkeit ist nicht nur eine Verantwortung der Gegenwart, sondern auch ein Leitprinzip f\u00fcr die Zukunft. Durch den effizienten Einsatz von Ressourcen und eine naturfreundliche, ausgewogene Produktionsweise \u00fcbernehmen wir Verantwortung f\u00fcr den Schutz unserer Umwelt.<\/p>\n<p>Wir arbeiten daran, k\u00fcnftigen Generationen eine gr\u00fcnere Welt zu hinterlassen und in jedem Schritt im Einklang mit der Natur zu handeln.<\/p>\n<\/div><\/div><div class=\"w-separator size_medium\"><\/div><div class=\"w-image align_none\"><div class=\"w-image-h\"><img decoding=\"async\" width=\"797\" height=\"180\" src=\"https:\/\/www.burak.com.tr\/de\/wp-content\/uploads\/2025\/07\/logolar-surdurulebilirlik.webp\" class=\"attachment-full size-full\" alt=\"\" loading=\"lazy\" srcset=\"https:\/\/www.burak.com.tr\/de\/wp-content\/uploads\/2025\/07\/logolar-surdurulebilirlik.webp 797w, https:\/\/www.burak.com.tr\/de\/wp-content\/uploads\/2025\/07\/logolar-surdurulebilirlik-300x68.webp 300w\" sizes=\"auto, (max-width: 797px) 100vw, 797px\" \/><\/div><\/div><div class=\"w-separator size_medium\"><\/div><\/div><\/div><div class=\"wpb_column vc_column_container us_custom_f70d789f us_animate_this\"><div class=\"vc_column-inner\"><div class=\"w-separator hide_on_tablets hide_on_mobiles size_custom\" style=\"height:6.4rem\"><\/div><div class=\"w-image align_right\"><div class=\"w-image-h\"><img decoding=\"async\" width=\"1024\" height=\"864\" src=\"https:\/\/www.burak.com.tr\/de\/wp-content\/uploads\/2025\/08\/nachhaltigkeit.jpg\" class=\"attachment-full size-full\" alt=\"\" loading=\"lazy\" srcset=\"https:\/\/www.burak.com.tr\/de\/wp-content\/uploads\/2025\/08\/nachhaltigkeit.jpg 1024w, https:\/\/www.burak.com.tr\/de\/wp-content\/uploads\/2025\/08\/nachhaltigkeit-300x253.jpg 300w\" sizes=\"auto, (max-width: 1024px) 100vw, 1024px\" \/><\/div><\/div><\/div><\/div><\/div><\/div><\/section><section class=\"l-section wpb_row us_custom_9438d4a3 height_huge full_height valign_center width_custom color_primary with_img\" style=\"--site-content-width:1600px;\"><div class=\"l-section-img\" role=\"img\" data-img-width=\"2560\" data-img-height=\"1280\" style=\"background-image: url(https:\/\/www.burak.com.tr\/de\/wp-content\/uploads\/2025\/05\/burak-alu-gorsel-3-scaled.jpg);background-repeat: no-repeat;\"><\/div><div class=\"l-section-overlay\" style=\"background:linear-gradient(250deg, rgba(0,0,0,0.51) 0%,rgba(3,3,3,0.95) 100%)\"><\/div><div class=\"l-section-h i-cf\"><div class=\"g-cols vc_row via_grid cols_2 laptops-cols_inherit tablets-cols_1 mobiles-cols_1 valign_middle type_default reversed stacking_default\"><div class=\"wpb_column vc_column_container us_custom_60e9caca us_animate_this\"><div class=\"vc_column-inner\"><div class=\"w-separator size_medium\"><\/div><h2 class=\"w-text us_custom_0e96ed73\"><span class=\"w-text-h\"><span class=\"w-text-value\">SAUBERE PRODUKTION F\u00dcR STARKE MORGEN!<\/span><\/span><\/h2><div class=\"wpb_text_column us_custom_0e61a34f\"><div class=\"wpb_wrapper\"><p>Wir handeln mit einer Denkweise, die die Natur respektiert und Verantwortung f\u00fcr die Zukunft \u00fcbernimmt. Wir verbinden die Vorteile von Aluminium \u2013 einem leichten und vollst\u00e4ndig recycelbaren Material \u2013 mit Verfahren, die die Umweltbelastung minimieren.<\/p>\n<p>Durch den Einsatz moderner Produktionstechnologien, die die Energieeffizienz steigern, und die Verwendung von 75 % recyceltem Material in unseren Prozessen, wollen wir unseren CO\u2082-Fu\u00dfabdruck so gering wie m\u00f6glich halten. Damit spiegeln wir unseren Glauben wider, dass die Produktion von heute das Morgen bestimmt.<\/p>\n<\/div><\/div><div class=\"w-separator size_medium\"><\/div><\/div><\/div><div class=\"wpb_column vc_column_container us_custom_f70d789f us_animate_this hide_on_tablets hide_on_mobiles\"><div class=\"vc_column-inner\"><\/div><\/div><\/div><\/div><\/section>\n","protected":false},"excerpt":{"rendered":"NACHHALTIGKEITNachhaltigkeit ist nicht nur eine Verantwortung der Gegenwart, sondern auch ein Leitprinzip f\u00fcr die Zukunft. Durch den effizienten Einsatz von Ressourcen und eine naturfreundliche, ausgewogene Produktionsweise \u00fcbernehmen wir Verantwortung f\u00fcr den Schutz unserer Umwelt. Wir arbeiten daran, k\u00fcnftigen Generationen eine gr\u00fcnere Welt zu hinterlassen und in jedem Schritt im Einklang mit der Natur zu handeln....","protected":false},"author":1,"featured_media":0,"parent":0,"menu_order":0,"comment_status":"closed","ping_status":"closed","template":"","meta":{"_acf_changed":false,"footnotes":""},"class_list":["post-9545","page","type-page","status-publish","hentry"],"acf":[],"yoast_head":"<!-- This site is optimized with the Yoast SEO plugin v27.3 - https:\/\/yoast.com\/product\/yoast-seo-wordpress\/ -->\n<title>Nachhaltigkeit - Burak Aluminium<\/title>\n<meta name=\"robots\" content=\"index, follow, max-snippet:-1, max-image-preview:large, max-video-preview:-1\" \/>\n<link rel=\"canonical\" href=\"https:\/\/www.burak.com.tr\/de\/nachhaltigkeit\/\" \/>\n<meta property=\"og:locale\" content=\"en_US\" \/>\n<meta property=\"og:type\" content=\"article\" \/>\n<meta property=\"og:title\" content=\"Nachhaltigkeit - Burak Aluminium\" \/>\n<meta property=\"og:url\" content=\"https:\/\/www.burak.com.tr\/de\/nachhaltigkeit\/\" \/>\n<meta property=\"og:site_name\" content=\"Burak Aluminium\" \/>\n<meta property=\"article:modified_time\" content=\"2025-08-20T10:51:01+00:00\" \/>\n<meta name=\"twitter:card\" content=\"summary_large_image\" \/>\n<meta name=\"twitter:label1\" content=\"Est. reading time\" \/>\n\t<meta name=\"twitter:data1\" content=\"1 minute\" \/>\n<script type=\"application\/ld+json\" class=\"yoast-schema-graph\">{\"@context\":\"https:\\\/\\\/schema.org\",\"@graph\":[{\"@type\":\"WebPage\",\"@id\":\"https:\\\/\\\/www.burak.com.tr\\\/de\\\/nachhaltigkeit\\\/\",\"url\":\"https:\\\/\\\/www.burak.com.tr\\\/de\\\/nachhaltigkeit\\\/\",\"name\":\"Nachhaltigkeit - Burak Aluminium\",\"isPartOf\":{\"@id\":\"https:\\\/\\\/www.burak.com.tr\\\/de\\\/#website\"},\"datePublished\":\"2025-05-20T10:15:53+00:00\",\"dateModified\":\"2025-08-20T10:51:01+00:00\",\"breadcrumb\":{\"@id\":\"https:\\\/\\\/www.burak.com.tr\\\/de\\\/nachhaltigkeit\\\/#breadcrumb\"},\"inLanguage\":\"en-US\",\"potentialAction\":[{\"@type\":\"ReadAction\",\"target\":[\"https:\\\/\\\/www.burak.com.tr\\\/de\\\/nachhaltigkeit\\\/\"]}]},{\"@type\":\"BreadcrumbList\",\"@id\":\"https:\\\/\\\/www.burak.com.tr\\\/de\\\/nachhaltigkeit\\\/#breadcrumb\",\"itemListElement\":[{\"@type\":\"ListItem\",\"position\":1,\"name\":\"Home\",\"item\":\"https:\\\/\\\/www.burak.com.tr\\\/de\\\/\"},{\"@type\":\"ListItem\",\"position\":2,\"name\":\"Nachhaltigkeit\"}]},{\"@type\":\"WebSite\",\"@id\":\"https:\\\/\\\/www.burak.com.tr\\\/de\\\/#website\",\"url\":\"https:\\\/\\\/www.burak.com.tr\\\/de\\\/\",\"name\":\"Burak Aluminium\",\"description\":\"\",\"potentialAction\":[{\"@type\":\"SearchAction\",\"target\":{\"@type\":\"EntryPoint\",\"urlTemplate\":\"https:\\\/\\\/www.burak.com.tr\\\/de\\\/?s={search_term_string}\"},\"query-input\":{\"@type\":\"PropertyValueSpecification\",\"valueRequired\":true,\"valueName\":\"search_term_string\"}}],\"inLanguage\":\"en-US\"}]}<\/script>\n<!-- \/ Yoast SEO plugin. -->","yoast_head_json":{"title":"Nachhaltigkeit - Burak Aluminium","robots":{"index":"index","follow":"follow","max-snippet":"max-snippet:-1","max-image-preview":"max-image-preview:large","max-video-preview":"max-video-preview:-1"},"canonical":"https:\/\/www.burak.com.tr\/de\/nachhaltigkeit\/","og_locale":"en_US","og_type":"article","og_title":"Nachhaltigkeit - Burak Aluminium","og_url":"https:\/\/www.burak.com.tr\/de\/nachhaltigkeit\/","og_site_name":"Burak Aluminium","article_modified_time":"2025-08-20T10:51:01+00:00","twitter_card":"summary_large_image","twitter_misc":{"Est. reading time":"1 minute"},"schema":{"@context":"https:\/\/schema.org","@graph":[{"@type":"WebPage","@id":"https:\/\/www.burak.com.tr\/de\/nachhaltigkeit\/","url":"https:\/\/www.burak.com.tr\/de\/nachhaltigkeit\/","name":"Nachhaltigkeit - Burak Aluminium","isPartOf":{"@id":"https:\/\/www.burak.com.tr\/de\/#website"},"datePublished":"2025-05-20T10:15:53+00:00","dateModified":"2025-08-20T10:51:01+00:00","breadcrumb":{"@id":"https:\/\/www.burak.com.tr\/de\/nachhaltigkeit\/#breadcrumb"},"inLanguage":"en-US","potentialAction":[{"@type":"ReadAction","target":["https:\/\/www.burak.com.tr\/de\/nachhaltigkeit\/"]}]},{"@type":"BreadcrumbList","@id":"https:\/\/www.burak.com.tr\/de\/nachhaltigkeit\/#breadcrumb","itemListElement":[{"@type":"ListItem","position":1,"name":"Home","item":"https:\/\/www.burak.com.tr\/de\/"},{"@type":"ListItem","position":2,"name":"Nachhaltigkeit"}]},{"@type":"WebSite","@id":"https:\/\/www.burak.com.tr\/de\/#website","url":"https:\/\/www.burak.com.tr\/de\/","name":"Burak Aluminium","description":"","potentialAction":[{"@type":"SearchAction","target":{"@type":"EntryPoint","urlTemplate":"https:\/\/www.burak.com.tr\/de\/?s={search_term_string}"},"query-input":{"@type":"PropertyValueSpecification","valueRequired":true,"valueName":"search_term_string"}}],"inLanguage":"en-US"}]}},"_links":{"self":[{"href":"https:\/\/www.burak.com.tr\/de\/wp-json\/wp\/v2\/pages\/9545","targetHints":{"allow":["GET"]}}],"collection":[{"href":"https:\/\/www.burak.com.tr\/de\/wp-json\/wp\/v2\/pages"}],"about":[{"href":"https:\/\/www.burak.com.tr\/de\/wp-json\/wp\/v2\/types\/page"}],"author":[{"embeddable":true,"href":"https:\/\/www.burak.com.tr\/de\/wp-json\/wp\/v2\/users\/1"}],"replies":[{"embeddable":true,"href":"https:\/\/www.burak.com.tr\/de\/wp-json\/wp\/v2\/comments?post=9545"}],"version-history":[{"count":100,"href":"https:\/\/www.burak.com.tr\/de\/wp-json\/wp\/v2\/pages\/9545\/revisions"}],"predecessor-version":[{"id":12021,"href":"https:\/\/www.burak.com.tr\/de\/wp-json\/wp\/v2\/pages\/9545\/revisions\/12021"}],"wp:attachment":[{"href":"https:\/\/www.burak.com.tr\/de\/wp-json\/wp\/v2\/media?parent=9545"}],"curies":[{"name":"wp","href":"https:\/\/api.w.org\/{rel}","templated":true}]}}