{"id":9189,"date":"2025-05-08T17:22:00","date_gmt":"2025-05-08T14:22:00","guid":{"rendered":"https:\/\/www.burak.com.tr\/de\/?page_id=9189"},"modified":"2026-03-18T14:04:01","modified_gmt":"2026-03-18T11:04:01","slug":"karriere","status":"publish","type":"page","link":"https:\/\/www.burak.com.tr\/de\/karriere\/","title":{"rendered":"Karriere"},"content":{"rendered":"<section class=\"l-section wpb_row height_auto\" id=\"basvuru-form\"><div class=\"l-section-h i-cf\"><div class=\"g-cols vc_row via_grid cols_1 laptops-cols_inherit tablets-cols_inherit mobiles-cols_1 valign_top type_default stacking_default\"><div class=\"wpb_column vc_column_container\"><div class=\"vc_column-inner\"><div class=\"g-cols wpb_row via_grid cols_2-1 laptops-cols_inherit tablets-cols_inherit mobiles-cols_1 valign_top type_default reversed stacking_default\" style=\"--columns-gap:5rem;\"><div class=\"wpb_column vc_column_container us_custom_5039a783\"><div class=\"vc_column-inner\"><div class=\"w-separator hide_on_default hide_on_laptops size_medium\"><\/div><div class=\"w-vwrapper align_none valign_middle\" style=\"--vwrapper-gap:2rem\"><div class=\"wpb_text_column\"><div class=\"wpb_wrapper\"><h3>Application Form<\/h3>\n<\/div><\/div><div class=\"wpb_text_column\"><div class=\"wpb_wrapper\"><div class=\"forminator-ui forminator-custom-form forminator-custom-form-9501 forminator-design--default  forminator_ajax\" data-forminator-render=\"0\" data-form=\"forminator-module-9501\" data-uid=\"69e344b676b49\"><br\/><\/div><form\n\t\t\t\tid=\"forminator-module-9501\"\n\t\t\t\tclass=\"forminator-ui forminator-custom-form forminator-custom-form-9501 forminator-design--default  forminator_ajax\"\n\t\t\t\tmethod=\"post\"\n\t\t\t\tdata-forminator-render=\"0\"\n\t\t\t\tdata-form-id=\"9501\"\n\t\t\t\tenctype=\"multipart\/form-data\" data-color-option=\"theme\" data-design=\"default\" data-grid=\"open\" style=\"display: none;\"\n\t\t\t\tdata-uid=\"69e344b676b49\"\n\t\t\t><div role=\"alert\" aria-live=\"polite\" class=\"forminator-response-message forminator-error\" aria-hidden=\"true\"><\/div><div class=\"forminator-row\"><div id=\"name-1\" class=\"forminator-field-name forminator-col forminator-col-4 \"><div class=\"forminator-field\"><label for=\"forminator-field-name-1_69e344b676b49\" id=\"forminator-field-name-1_69e344b676b49-label\" class=\"forminator-label\">Vor- und Nachname <span class=\"forminator-required\">*<\/span><\/label><input type=\"text\" name=\"name-1\" value=\"\" placeholder=\"\" id=\"forminator-field-name-1_69e344b676b49\" class=\"forminator-input forminator-name--field\" aria-required=\"true\" autocomplete=\"name\" \/><\/div><\/div><div id=\"email-1\" class=\"forminator-field-email forminator-col forminator-col-4 \"><div class=\"forminator-field\"><label for=\"forminator-field-email-1_69e344b676b49\" id=\"forminator-field-email-1_69e344b676b49-label\" class=\"forminator-label\">E-Mail-Adresse <span class=\"forminator-required\">*<\/span><\/label><input type=\"email\" name=\"email-1\" value=\"\" placeholder=\"\" id=\"forminator-field-email-1_69e344b676b49\" class=\"forminator-input forminator-email--field\" data-required=\"true\" aria-required=\"true\" autocomplete=\"email\" \/><\/div><\/div><div id=\"phone-1\" class=\"forminator-field-phone forminator-col forminator-col-4 \"><div class=\"forminator-field\"><label for=\"forminator-field-phone-1_69e344b676b49\" id=\"forminator-field-phone-1_69e344b676b49-label\" class=\"forminator-label\">Telefonnummer<\/label><input type=\"text\" name=\"phone-1\" value=\"\" placeholder=\"\" id=\"forminator-field-phone-1_69e344b676b49\" class=\"forminator-input forminator-field--phone\" data-required=\"\" aria-required=\"false\" autocomplete=\"off\" \/><\/div><\/div><\/div><div class=\"forminator-row\"><div id=\"name-2\" class=\"forminator-field-name forminator-col forminator-col-12 \"><div class=\"forminator-field\"><label for=\"forminator-field-name-2_69e344b676b49\" id=\"forminator-field-name-2_69e344b676b49-label\" class=\"forminator-label\">Bewerbete Position<\/label><input type=\"text\" name=\"name-2\" value=\"\" placeholder=\"\" id=\"forminator-field-name-2_69e344b676b49\" class=\"forminator-input forminator-name--field\" aria-required=\"false\" autocomplete=\"name\" \/><\/div><\/div><\/div><div class=\"forminator-row\"><div id=\"upload-1\" class=\"forminator-field-upload forminator-col forminator-col-12 \"><div class=\"forminator-field\"><label for=\"forminator-field-upload-1_69e344b676b49\" id=\"forminator-field-upload-1_69e344b676b49-label\" class=\"forminator-label\">Ihr Lebenslauf<\/label><div class=\"forminator-file-upload \" data-element=\"upload-1_69e344b676b49\"><input type=\"file\" name=\"upload-1\" id=\"forminator-field-upload-1_69e344b676b49\" class=\"forminator-input-file\" accept=\".jpg,.jpeg,.jpe,.gif,.png,.bmp,.tiff,.tif,.webp,.avif,.ico,.heic,.heif,.heics,.heifs,.asf,.asx,.wmv,.wmx,.wm,.avi,.divx,.flv,.mov,.qt,.mpeg,.mpg,.mpe,.mp4,.m4v,.ogv,.webm,.mkv,.3gp,.3gpp,.3g2,.3gp2,.txt,.asc,.c,.cc,.h,.srt,.csv,.tsv,.ics,.rtx,.vtt,.mp3,.m4a,.m4b,.aac,.ra,.ram,.wav,.x-wav,.ogg,.oga,.flac,.mid,.midi,.wma,.wax,.mka,.rtf,.pdf,.class,.tar,.zip,.gz,.gzip,.7z,.psd,.xcf,.doc,.pot,.pps,.ppt,.wri,.xla,.xls,.xlt,.xlw,.mdb,.mpp,.docx,.docm,.dotx,.dotm,.xlsx,.xlsm,.xlsb,.xltx,.xltm,.xlam,.pptx,.pptm,.ppsx,.ppsm,.potx,.potm,.ppam,.sldx,.sldm,.onetoc,.onetoc2,.onetmp,.onepkg,.oxps,.xps,.odt,.odp,.ods,.odg,.odc,.odb,.odf,.wp,.wpd,.key,.numbers,.pages,.woff,.woff2\" tabindex=\"-1\"><button id=\"forminator-field-upload-1_69e344b676b49_button\" class=\"forminator-button forminator-button-upload\" data-id=\"forminator-field-upload-1_69e344b676b49\">Choose File<\/button><span data-empty-text=\"No file chosen\">No file chosen<\/span><button class=\"forminator-button-delete\" style=\"display: none;\"><i class=\"forminator-icon-close\" aria-hidden=\"true\"><\/i><span class=\"forminator-screen-reader-only\">Delete uploaded file<\/span><\/button><\/div><\/div><\/div><\/div><div class=\"forminator-row\"><div id=\"textarea-1\" class=\"forminator-field-textarea forminator-col forminator-col-12 \"><div class=\"forminator-field\"><label for=\"forminator-field-textarea-1_69e344b676b49\" id=\"forminator-field-textarea-1_69e344b676b49-label\" class=\"forminator-label\">Erz\u00e4hlen Sie kurz etwas \u00fcber sich selbst.<\/label><span id=\"forminator-field-textarea-1_69e344b676b49-description\" class=\"forminator-description\"><span data-limit=\"180\" data-type=\"characters\" data-editor=\"\">0 \/ 180<\/span><\/span><textarea name=\"textarea-1\" placeholder=\"\" id=\"forminator-field-textarea-1_69e344b676b49\" class=\"forminator-textarea\" rows=\"6\" style=\"min-height:140px;\" maxlength=\"180\" ><\/textarea><\/div><\/div><\/div><div class=\"forminator-row\"><\/div><input type=\"hidden\" name=\"referer_url\" value=\"\" \/><div class=\"forminator-row forminator-row-last\"><div class=\"forminator-col\"><div class=\"forminator-field\"><button class=\"forminator-button forminator-button-submit\">Absenden<\/button><\/div><\/div><\/div><input type=\"hidden\" id=\"forminator_nonce\" name=\"forminator_nonce\" value=\"aac8b6530d\" \/><input type=\"hidden\" name=\"_wp_http_referer\" value=\"\/de\/wp-json\/wp\/v2\/pages\/9189\" \/><input type=\"hidden\" name=\"form_id\" value=\"9501\"><input type=\"hidden\" name=\"page_id\" value=\"9189\"><input type=\"hidden\" name=\"form_type\" value=\"default\"><input type=\"hidden\" name=\"current_url\" value=\"https:\/\/www.burak.com.tr\/de\/karriere\/\"><input type=\"hidden\" name=\"render_id\" value=\"0\"><input type=\"hidden\" name=\"action\" value=\"forminator_submit_form_custom-forms\"><\/form>\n<\/div><\/div><\/div><\/div><\/div><div class=\"wpb_column vc_column_container\"><div class=\"vc_column-inner\"><div class=\"w-image has_ratio align_none\"><div class=\"w-image-h\"><div style=\"padding-bottom:47.619%\"><\/div><img decoding=\"async\" width=\"800\" height=\"474\" src=\"https:\/\/www.burak.com.tr\/de\/wp-content\/uploads\/2026\/03\/7b.jpg\" class=\"attachment-full size-full\" alt=\"\" loading=\"lazy\" \/><\/div><\/div><div class=\"w-separator size_medium\"><\/div><div class=\"wpb_text_column us_custom_6c9a0c76\"><div class=\"wpb_wrapper\"><p>Innovation ist f\u00fcr Unternehmen die Grundvoraussetzung f\u00fcr \u00dcberleben und gesundes Wachstum. Es handelt sich um einen Prozess, der an die Besonderheiten, die Struktur und die Zielsetzungen der Unternehmensleitung angepasst werden muss, um effektiv zu sein.<\/p>\n<p>Unser flexibles System, bei dem alle Mitarbeitenden insbesondere mit ihren Ideen einen Beitrag leisten und sich im Rahmen ihrer entwickelten Ideen und F\u00e4higkeiten direkt einbringen k\u00f6nnen, stellt f\u00fcr uns einen grunds\u00e4tzlich g\u00fcltigen Ansatz dar.<\/p>\n<\/div><\/div><div class=\"w-separator size_large with_line width_default thick_1 style_solid color_border align_center\"><div class=\"w-separator-h\"><\/div><\/div><div class=\"w-iconbox us_custom_a518f36e us_animate_this iconpos_left style_default color_primary align_left\"><div class=\"w-iconbox-icon\" style=\"font-size:1.8rem;\"><i class=\"fas fa-id-card\"><\/i><\/div><div class=\"w-iconbox-meta\"><h6 class=\"w-iconbox-title\">Kontakt:<\/h6><div class=\"w-iconbox-text\"><p>Burak Aluminium Personalabteilung<\/p>\n<\/div><\/div><\/div><div class=\"w-separator size_medium\"><\/div><div class=\"w-iconbox us_custom_e33a8179 us_animate_this iconpos_left style_default color_primary align_left\"><a href=\"mailto:info@burak.com.tr\" class=\"w-iconbox-link\" aria-label=\"E-mail:\"><div class=\"w-iconbox-icon\" style=\"font-size:1.8rem;\"><i class=\"fas fa-envelope\"><\/i><\/div><\/a><div class=\"w-iconbox-meta\"><h6 class=\"w-iconbox-title\"><a href=\"mailto:info@burak.com.tr\" class=\"w-iconbox-link\" aria-label=\"E-mail:\">E-mail:<\/a><\/h6><div class=\"w-iconbox-text\"><p><a href=\"mailto:info@burak.com.tr\">info@burak.com.tr<\/a><\/p>\n<\/div><\/div><\/div><div class=\"w-separator size_medium\"><\/div><div class=\"w-iconbox us_custom_7e35600f us_animate_this iconpos_left style_default color_primary align_left\"><a href=\"tel:+904443740\" class=\"w-iconbox-link\" aria-label=\"Telefon:\"><div class=\"w-iconbox-icon\" style=\"font-size:1.8rem;\"><i class=\"fas fa-phone-rotary\"><\/i><\/div><\/a><div class=\"w-iconbox-meta\"><h6 class=\"w-iconbox-title\"><a href=\"tel:+904443740\" class=\"w-iconbox-link\" aria-label=\"Telefon:\">Telefon:<\/a><\/h6><div class=\"w-iconbox-text\"><p><a href=\"tel:+904443740\">+90 444 37 40<\/a><\/p>\n<\/div><\/div><\/div><div class=\"w-separator size_medium\"><\/div><\/div><\/div><\/div><div class=\"w-separator size_large\"><\/div><\/div><\/div><\/div><\/div><\/section>\n","protected":false},"excerpt":{"rendered":"Application Form Vor- und Nachname *E-Mail-Adresse *TelefonnummerBewerbete PositionIhr LebenslaufChoose FileNo file chosenDelete uploaded fileErz\u00e4hlen Sie kurz etwas \u00fcber sich selbst.0 \/ 180Absenden Innovation ist f\u00fcr Unternehmen die Grundvoraussetzung f\u00fcr \u00dcberleben und gesundes Wachstum. Es handelt sich um einen Prozess, der an die Besonderheiten, die Struktur und die Zielsetzungen der Unternehmensleitung angepasst werden muss, um effektiv...","protected":false},"author":1,"featured_media":0,"parent":0,"menu_order":0,"comment_status":"closed","ping_status":"closed","template":"","meta":{"_acf_changed":false,"footnotes":""},"class_list":["post-9189","page","type-page","status-publish","hentry"],"acf":[],"yoast_head":"<!-- This site is optimized with the Yoast SEO plugin v27.3 - https:\/\/yoast.com\/product\/yoast-seo-wordpress\/ -->\n<title>Karriere - Burak Aluminium<\/title>\n<meta name=\"robots\" content=\"index, follow, max-snippet:-1, max-image-preview:large, max-video-preview:-1\" \/>\n<link rel=\"canonical\" href=\"https:\/\/www.burak.com.tr\/de\/karriere\/\" \/>\n<meta property=\"og:locale\" content=\"en_US\" \/>\n<meta property=\"og:type\" content=\"article\" \/>\n<meta property=\"og:title\" content=\"Karriere - Burak Aluminium\" \/>\n<meta property=\"og:url\" content=\"https:\/\/www.burak.com.tr\/de\/karriere\/\" \/>\n<meta property=\"og:site_name\" content=\"Burak Aluminium\" \/>\n<meta property=\"article:modified_time\" content=\"2026-03-18T11:04:01+00:00\" \/>\n<meta name=\"twitter:card\" content=\"summary_large_image\" \/>\n<meta name=\"twitter:label1\" content=\"Est. reading time\" \/>\n\t<meta name=\"twitter:data1\" content=\"1 minute\" \/>\n<script type=\"application\/ld+json\" class=\"yoast-schema-graph\">{\"@context\":\"https:\\\/\\\/schema.org\",\"@graph\":[{\"@type\":\"WebPage\",\"@id\":\"https:\\\/\\\/www.burak.com.tr\\\/de\\\/karriere\\\/\",\"url\":\"https:\\\/\\\/www.burak.com.tr\\\/de\\\/karriere\\\/\",\"name\":\"Karriere - Burak Aluminium\",\"isPartOf\":{\"@id\":\"https:\\\/\\\/www.burak.com.tr\\\/de\\\/#website\"},\"datePublished\":\"2025-05-08T14:22:00+00:00\",\"dateModified\":\"2026-03-18T11:04:01+00:00\",\"breadcrumb\":{\"@id\":\"https:\\\/\\\/www.burak.com.tr\\\/de\\\/karriere\\\/#breadcrumb\"},\"inLanguage\":\"en-US\",\"potentialAction\":[{\"@type\":\"ReadAction\",\"target\":[\"https:\\\/\\\/www.burak.com.tr\\\/de\\\/karriere\\\/\"]}]},{\"@type\":\"BreadcrumbList\",\"@id\":\"https:\\\/\\\/www.burak.com.tr\\\/de\\\/karriere\\\/#breadcrumb\",\"itemListElement\":[{\"@type\":\"ListItem\",\"position\":1,\"name\":\"Home\",\"item\":\"https:\\\/\\\/www.burak.com.tr\\\/de\\\/\"},{\"@type\":\"ListItem\",\"position\":2,\"name\":\"Karriere\"}]},{\"@type\":\"WebSite\",\"@id\":\"https:\\\/\\\/www.burak.com.tr\\\/de\\\/#website\",\"url\":\"https:\\\/\\\/www.burak.com.tr\\\/de\\\/\",\"name\":\"Burak Aluminium\",\"description\":\"\",\"potentialAction\":[{\"@type\":\"SearchAction\",\"target\":{\"@type\":\"EntryPoint\",\"urlTemplate\":\"https:\\\/\\\/www.burak.com.tr\\\/de\\\/?s={search_term_string}\"},\"query-input\":{\"@type\":\"PropertyValueSpecification\",\"valueRequired\":true,\"valueName\":\"search_term_string\"}}],\"inLanguage\":\"en-US\"}]}<\/script>\n<!-- \/ Yoast SEO plugin. -->","yoast_head_json":{"title":"Karriere - Burak Aluminium","robots":{"index":"index","follow":"follow","max-snippet":"max-snippet:-1","max-image-preview":"max-image-preview:large","max-video-preview":"max-video-preview:-1"},"canonical":"https:\/\/www.burak.com.tr\/de\/karriere\/","og_locale":"en_US","og_type":"article","og_title":"Karriere - Burak Aluminium","og_url":"https:\/\/www.burak.com.tr\/de\/karriere\/","og_site_name":"Burak Aluminium","article_modified_time":"2026-03-18T11:04:01+00:00","twitter_card":"summary_large_image","twitter_misc":{"Est. reading time":"1 minute"},"schema":{"@context":"https:\/\/schema.org","@graph":[{"@type":"WebPage","@id":"https:\/\/www.burak.com.tr\/de\/karriere\/","url":"https:\/\/www.burak.com.tr\/de\/karriere\/","name":"Karriere - Burak Aluminium","isPartOf":{"@id":"https:\/\/www.burak.com.tr\/de\/#website"},"datePublished":"2025-05-08T14:22:00+00:00","dateModified":"2026-03-18T11:04:01+00:00","breadcrumb":{"@id":"https:\/\/www.burak.com.tr\/de\/karriere\/#breadcrumb"},"inLanguage":"en-US","potentialAction":[{"@type":"ReadAction","target":["https:\/\/www.burak.com.tr\/de\/karriere\/"]}]},{"@type":"BreadcrumbList","@id":"https:\/\/www.burak.com.tr\/de\/karriere\/#breadcrumb","itemListElement":[{"@type":"ListItem","position":1,"name":"Home","item":"https:\/\/www.burak.com.tr\/de\/"},{"@type":"ListItem","position":2,"name":"Karriere"}]},{"@type":"WebSite","@id":"https:\/\/www.burak.com.tr\/de\/#website","url":"https:\/\/www.burak.com.tr\/de\/","name":"Burak Aluminium","description":"","potentialAction":[{"@type":"SearchAction","target":{"@type":"EntryPoint","urlTemplate":"https:\/\/www.burak.com.tr\/de\/?s={search_term_string}"},"query-input":{"@type":"PropertyValueSpecification","valueRequired":true,"valueName":"search_term_string"}}],"inLanguage":"en-US"}]}},"_links":{"self":[{"href":"https:\/\/www.burak.com.tr\/de\/wp-json\/wp\/v2\/pages\/9189","targetHints":{"allow":["GET"]}}],"collection":[{"href":"https:\/\/www.burak.com.tr\/de\/wp-json\/wp\/v2\/pages"}],"about":[{"href":"https:\/\/www.burak.com.tr\/de\/wp-json\/wp\/v2\/types\/page"}],"author":[{"embeddable":true,"href":"https:\/\/www.burak.com.tr\/de\/wp-json\/wp\/v2\/users\/1"}],"replies":[{"embeddable":true,"href":"https:\/\/www.burak.com.tr\/de\/wp-json\/wp\/v2\/comments?post=9189"}],"version-history":[{"count":46,"href":"https:\/\/www.burak.com.tr\/de\/wp-json\/wp\/v2\/pages\/9189\/revisions"}],"predecessor-version":[{"id":12030,"href":"https:\/\/www.burak.com.tr\/de\/wp-json\/wp\/v2\/pages\/9189\/revisions\/12030"}],"wp:attachment":[{"href":"https:\/\/www.burak.com.tr\/de\/wp-json\/wp\/v2\/media?parent=9189"}],"curies":[{"name":"wp","href":"https:\/\/api.w.org\/{rel}","templated":true}]}}