{"id":6635,"date":"2019-05-10T14:40:15","date_gmt":"2019-05-10T14:40:15","guid":{"rendered":"http:\/\/impreza.us-themes.com\/?page_id=6635"},"modified":"2026-05-12T14:12:15","modified_gmt":"2026-05-12T11:12:15","slug":"home","status":"publish","type":"page","link":"https:\/\/www.burak.com.tr\/de\/","title":{"rendered":"Startseite"},"content":{"rendered":"<section class=\"l-section wpb_row height_auto width_full\"><div class=\"l-section-h i-cf\"><div class=\"g-cols vc_row via_grid cols_1 laptops-cols_inherit tablets-cols_inherit mobiles-cols_1 valign_top type_default stacking_default\"><div class=\"wpb_column vc_column_container\"><div class=\"vc_column-inner\">\n\t\t\t\t<p class=\"rs-p-wp-fix\"><\/p>\n\t\t\t\t<sr7-module data-alias=\"slider-1\" data-id=\"3\" id=\"SR7_3_1\" class=\"rs-ov-hidden\" data-version=\"6.7.34\">\n\t\t\t\t\t<sr7-adjuster><\/sr7-adjuster>\n\t\t\t\t\t<sr7-content>\n\t\t\t\t\t\t<sr7-slide id=\"SR7_3_1-13\" data-key=\"13\">\n\t\t\t\t\t\t<\/sr7-slide>\n\t\t\t\t\t\t<sr7-slide id=\"SR7_3_1-17\" data-key=\"17\">\n\t\t\t\t\t\t<\/sr7-slide>\n\t\t\t\t\t\t<sr7-slide id=\"SR7_3_1-14\" data-key=\"14\">\n\t\t\t\t\t\t\t<sr7-txt id=\"SR7_3_1-14-10\" class=\"sr7-layer\"><em>\"In allen Lebensbereichen\"<\/em><\/sr7-txt>\n\t\t\t\t\t\t\t<sr7-txt id=\"SR7_3_1-14-12\" class=\"sr7-layer\">Aluminium f\u00fcr den Bau einer nachhaltigen Zukunf<\/sr7-txt>\n\t\t\t\t\t\t\t<sr7-txt id=\"SR7_3_1-14-14\" class=\"sr7-layer\"><i class=\"material-icons\">arrow_forward_ios<\/i><\/sr7-txt>\n\t\t\t\t\t\t<\/sr7-slide>\n\t\t\t\t\t<\/sr7-content>\n\t\t\t\t<\/sr7-module>\n\t\t\t\t<script>\n\t\t\t\t\tSR7.PMH ??={}; SR7.PMH[\"SR7_3_1\"] = {cn:100,state:false,fn: function() { if (_tpt!==undefined && _tpt.prepareModuleHeight !== undefined) {  _tpt.prepareModuleHeight({id:\"SR7_3_1\",el:[850,850,850,850,500],type:'standard',shdw:'0',gh:[850,850,850,850,500],gw:[1920,1920,1920,778,480],vpt:['-100px&#039;,&#039;-100px&#039;,&#039;-100px&#039;,&#039;-100px&#039;,&#039;-100px'],size:{fullWidth:true, fullHeight:true},fho:'',mh:'0',onh:0,onw:0,bg:{color:'{\"orig\":\"transparent\",\"type\":\"solid\",\"string\":\"transparent\"}'}});   SR7.PMH[\"SR7_3_1\"].state=true;} else if(SR7.PMH[\"SR7_3_1\"].cn-->0)\tsetTimeout( SR7.PMH[\"SR7_3_1\"].fn,19);}};SR7.PMH[\"SR7_3_1\" ].fn();\n\t\t\t\t<\/script>\n<\/div><\/div><\/div><\/div><\/section><section class=\"l-section wpb_row height_custom full_height valign_center width_custom color_primary with_video\" style=\"--site-content-width:1600px;\"><div id=\"us_bg_video_wa44\" class=\"l-section-video\"><script id=\"us_bg_video_wa44-script\">!function(w){var node = document.getElementById( 'us_bg_video_wa44' );if ( w.innerWidth <= 200 ) { node.remove() }}(window);<\/script><style>@media(max-width:200px){#us_bg_video_wa44{display:none!important}}<\/style><video  autoplay loop muted playsinline preload=\"auto\"><source type=\"video\/mp4\" src=\"https:\/\/www.burak.com.tr\/de\/wp-content\/uploads\/2025\/05\/sayilarla-burak.mov\" \/><\/video><\/div><div class=\"l-section-overlay\" style=\"background:linear-gradient(360deg, rgba(0,0,0,0.88) 0%,rgba(0,0,0,0.97) 100%)\"><\/div><div class=\"l-section-h i-cf\"><div class=\"g-cols vc_row via_grid cols_1 laptops-cols_inherit tablets-cols_inherit mobiles-cols_1 valign_top type_default stacking_default\" style=\"--columns-gap:2.5rem;\"><div class=\"wpb_column vc_column_container\"><div class=\"vc_column-inner\"><div class=\"g-cols wpb_row via_grid cols_1 laptops-cols_inherit tablets-cols_inherit mobiles-cols_1 valign_top type_default stacking_default\" style=\"--columns-gap:3rem;\"><div class=\"wpb_column vc_column_container\"><div class=\"vc_column-inner\"><div class=\"w-vwrapper align_center valign_middle\" style=\"--vwrapper-gap:0.8rem\"><div class=\"w-hwrapper valign_middle wrap align_center\" style=\"--hwrapper-gap:0.6rem\"><div class=\"wpb_text_column us_custom_b0c6500d\"><div class=\"wpb_wrapper\"><p style=\"text-align: center;\">Mit Zahlen<\/p>\n<\/div><\/div><div class=\"wpb_text_column us_custom_c154f403\"><div class=\"wpb_wrapper\"><h2 style=\"text-align: center;\"><strong>Burak Aluminium<\/strong><\/h2>\n<\/div><\/div><\/div><div class=\"wpb_text_column us_custom_c4447fd2 has_text_color\"><div class=\"wpb_wrapper\"><p style=\"text-align: center;\">Unser Unternehmen ist seit 1984 im Bereich Aluminium-Extrusion t\u00e4tig und bietet unseren Partnern im industriellen und architektonischen Bereich ma\u00dfgeschneiderte L\u00f6sungen an.<\/p>\n<\/div><\/div><\/div><\/div><\/div><\/div><div class=\"w-separator size_custom\" style=\"height:15vh\"><\/div><div class=\"g-cols wpb_row us_custom_3674f949 via_grid cols_4 laptops-cols_inherit tablets-cols_inherit mobiles-cols_1 valign_middle type_default stacking_default\" style=\"--columns-gap:5.9rem;\"><div class=\"wpb_column vc_column_container\"><div class=\"vc_column-inner\"><div class=\"w-hwrapper valign_middle align_none\" style=\"--hwrapper-gap:1.6rem\"><div class=\"w-image us_custom_606da740 us_animate_this has_height align_none\"><div class=\"w-image-h\"><img decoding=\"async\" width=\"512\" height=\"512\" src=\"https:\/\/www.burak.com.tr\/de\/wp-content\/uploads\/2025\/05\/uzman-muhendislik-tecrubesi.png\" class=\"attachment-full size-full\" alt=\"\" loading=\"lazy\" srcset=\"https:\/\/www.burak.com.tr\/de\/wp-content\/uploads\/2025\/05\/uzman-muhendislik-tecrubesi.png 512w, https:\/\/www.burak.com.tr\/de\/wp-content\/uploads\/2025\/05\/uzman-muhendislik-tecrubesi-300x300.png 300w, https:\/\/www.burak.com.tr\/de\/wp-content\/uploads\/2025\/05\/uzman-muhendislik-tecrubesi-150x150.png 150w\" sizes=\"auto, (max-width: 512px) 100vw, 512px\" \/><\/div><\/div><div class=\"w-counter us_custom_ad20187f color_primary align_left has_font_size\" data-duration=\"4\"><div class=\"w-counter-value\"><span class=\"w-counter-value-part type_text\" data-final=\"\"><\/span><span class=\"w-counter-value-part type_number\" data-final=\"42\">0<\/span><span class=\"w-counter-value-part type_text\" data-final=\"+ Jahre\">+ Jahre<\/span><\/div><h6 class=\"w-counter-title\" style=\"font-size:16px;font-weight:300;\">Kompetente Ingenieurserfahrung<\/h6><\/div><\/div><\/div><\/div><div class=\"wpb_column vc_column_container\"><div class=\"vc_column-inner\"><div class=\"w-hwrapper valign_middle align_none\" style=\"--hwrapper-gap:1.6rem\"><div class=\"w-image us_custom_606da740 us_animate_this has_height align_none\"><div class=\"w-image-h\"><img decoding=\"async\" width=\"512\" height=\"512\" src=\"https:\/\/www.burak.com.tr\/de\/wp-content\/uploads\/2025\/05\/tam-entegre-kapali-alan1.png\" class=\"attachment-full size-full\" alt=\"\" loading=\"lazy\" srcset=\"https:\/\/www.burak.com.tr\/de\/wp-content\/uploads\/2025\/05\/tam-entegre-kapali-alan1.png 512w, https:\/\/www.burak.com.tr\/de\/wp-content\/uploads\/2025\/05\/tam-entegre-kapali-alan1-300x300.png 300w, https:\/\/www.burak.com.tr\/de\/wp-content\/uploads\/2025\/05\/tam-entegre-kapali-alan1-150x150.png 150w\" sizes=\"auto, (max-width: 512px) 100vw, 512px\" \/><\/div><\/div><div class=\"w-counter us_custom_ad20187f color_primary align_left has_font_size\" data-duration=\"4\"><div class=\"w-counter-value\"><span class=\"w-counter-value-part type_text\" data-final=\"\"><\/span><span class=\"w-counter-value-part type_number\" data-final=\"47.000\">0<\/span><span class=\"w-counter-value-part type_text\" data-final=\"m2\">m<\/span><\/div><h6 class=\"w-counter-title\" style=\"font-size:16px;font-weight:300;\">Vollintegrierter geschlossener Bereich<\/h6><\/div><\/div><\/div><\/div><div class=\"wpb_column vc_column_container\"><div class=\"vc_column-inner\"><div class=\"w-hwrapper valign_middle align_none\" style=\"--hwrapper-gap:1.5rem\"><div class=\"w-image us_custom_606da740 us_animate_this has_height align_none\"><div class=\"w-image-h\"><img decoding=\"async\" width=\"512\" height=\"512\" src=\"https:\/\/www.burak.com.tr\/de\/wp-content\/uploads\/2025\/05\/yenilikci-urun-ve-kalip-yelpazesi.png\" class=\"attachment-full size-full\" alt=\"\" loading=\"lazy\" srcset=\"https:\/\/www.burak.com.tr\/de\/wp-content\/uploads\/2025\/05\/yenilikci-urun-ve-kalip-yelpazesi.png 512w, https:\/\/www.burak.com.tr\/de\/wp-content\/uploads\/2025\/05\/yenilikci-urun-ve-kalip-yelpazesi-300x300.png 300w, https:\/\/www.burak.com.tr\/de\/wp-content\/uploads\/2025\/05\/yenilikci-urun-ve-kalip-yelpazesi-150x150.png 150w\" sizes=\"auto, (max-width: 512px) 100vw, 512px\" \/><\/div><\/div><div class=\"w-counter us_custom_ad20187f color_primary align_left has_font_size\" data-duration=\"4\"><div class=\"w-counter-value\"><span class=\"w-counter-value-part type_text\" data-final=\"\"><\/span><span class=\"w-counter-value-part type_number\" data-final=\"20.000\">0<\/span><span class=\"w-counter-value-part type_text\" data-final=\"+\">+<\/span><\/div><h6 class=\"w-counter-title\" style=\"font-size:16px;font-weight:300;\">Innovatives Produkt- und Werkzeugportfolio<\/h6><\/div><\/div><\/div><\/div><div class=\"wpb_column vc_column_container\"><div class=\"vc_column-inner\"><div class=\"w-hwrapper valign_middle align_none\" style=\"--hwrapper-gap:1.6rem\"><div class=\"w-image us_custom_606da740 us_animate_this has_height align_none\"><div class=\"w-image-h\"><img decoding=\"async\" width=\"512\" height=\"512\" src=\"https:\/\/www.burak.com.tr\/de\/wp-content\/uploads\/2025\/05\/arge-ve-endustriyel-inovasyon-merkezi.png\" class=\"attachment-full size-full\" alt=\"\" loading=\"lazy\" srcset=\"https:\/\/www.burak.com.tr\/de\/wp-content\/uploads\/2025\/05\/arge-ve-endustriyel-inovasyon-merkezi.png 512w, https:\/\/www.burak.com.tr\/de\/wp-content\/uploads\/2025\/05\/arge-ve-endustriyel-inovasyon-merkezi-300x300.png 300w, https:\/\/www.burak.com.tr\/de\/wp-content\/uploads\/2025\/05\/arge-ve-endustriyel-inovasyon-merkezi-150x150.png 150w\" sizes=\"auto, (max-width: 512px) 100vw, 512px\" \/><\/div><\/div><div class=\"w-counter us_custom_ad20187f color_primary align_left has_font_size\" data-duration=\"4\"><div class=\"w-counter-value\"><span class=\"w-counter-value-part type_text\" data-final=\"\"><\/span><span class=\"w-counter-value-part type_number\" data-final=\"15\">0<\/span><span class=\"w-counter-value-part type_text\" data-final=\"+ Jahre\">+ Jahre<\/span><\/div><h6 class=\"w-counter-title\" style=\"font-size:16px;font-weight:300;\">Forschungs- und Innovationszentrum f\u00fcr industrielle Anwendungen<\/h6><\/div><\/div><\/div><\/div><\/div><div class=\"w-separator size_huge\"><\/div><div class=\"w-separator size_small\"><\/div><div class=\"g-cols wpb_row us_custom_3674f949 via_grid cols_4 laptops-cols_inherit tablets-cols_inherit mobiles-cols_1 valign_middle type_default stacking_default\" style=\"--columns-gap:5rem;\"><div class=\"wpb_column vc_column_container\"><div class=\"vc_column-inner\"><div class=\"w-hwrapper valign_middle align_none\" style=\"--hwrapper-gap:1.6rem\"><div class=\"w-image us_custom_606da740 us_animate_this has_height align_none\"><div class=\"w-image-h\"><img decoding=\"async\" width=\"512\" height=\"512\" src=\"https:\/\/www.burak.com.tr\/de\/wp-content\/uploads\/2025\/05\/cevreci-surdurulebilirlik.png\" class=\"attachment-full size-full\" alt=\"\" loading=\"lazy\" srcset=\"https:\/\/www.burak.com.tr\/de\/wp-content\/uploads\/2025\/05\/cevreci-surdurulebilirlik.png 512w, https:\/\/www.burak.com.tr\/de\/wp-content\/uploads\/2025\/05\/cevreci-surdurulebilirlik-300x300.png 300w, https:\/\/www.burak.com.tr\/de\/wp-content\/uploads\/2025\/05\/cevreci-surdurulebilirlik-150x150.png 150w\" sizes=\"auto, (max-width: 512px) 100vw, 512px\" \/><\/div><\/div><div class=\"w-counter us_custom_ad20187f color_primary align_left has_font_size\" data-duration=\"4\"><div class=\"w-counter-value\"><span class=\"w-counter-value-part type_text\" data-final=\"\"><\/span><span class=\"w-counter-value-part type_number\" data-final=\"12\">0<\/span><span class=\"w-counter-value-part type_text\" data-final=\"+ Jahre\">+ Jahre<\/span><\/div><h6 class=\"w-counter-title\" style=\"font-size:16px;font-weight:300;\">Umweltfreundliche Nachhaltigkeit<\/h6><\/div><\/div><\/div><\/div><div class=\"wpb_column vc_column_container\"><div class=\"vc_column-inner\"><div class=\"w-hwrapper valign_middle align_none\" style=\"--hwrapper-gap:1.6rem\"><div class=\"w-image us_custom_606da740 us_animate_this has_height align_none\"><div class=\"w-image-h\"><img decoding=\"async\" width=\"512\" height=\"512\" src=\"https:\/\/www.burak.com.tr\/de\/wp-content\/uploads\/2025\/05\/calisan.png\" class=\"attachment-full size-full\" alt=\"\" loading=\"lazy\" srcset=\"https:\/\/www.burak.com.tr\/de\/wp-content\/uploads\/2025\/05\/calisan.png 512w, https:\/\/www.burak.com.tr\/de\/wp-content\/uploads\/2025\/05\/calisan-300x300.png 300w, https:\/\/www.burak.com.tr\/de\/wp-content\/uploads\/2025\/05\/calisan-150x150.png 150w\" sizes=\"auto, (max-width: 512px) 100vw, 512px\" \/><\/div><\/div><div class=\"w-counter us_custom_ad20187f color_primary align_left has_font_size\" data-duration=\"4\"><div class=\"w-counter-value\"><span class=\"w-counter-value-part type_text\" data-final=\"\"><\/span><span class=\"w-counter-value-part type_number\" data-final=\"350\">0<\/span><span class=\"w-counter-value-part type_text\" data-final=\"+\">+<\/span><\/div><h6 class=\"w-counter-title\" style=\"font-size:16px;font-weight:200;\">Anzahl der Mitarbeiter<\/h6><\/div><\/div><\/div><\/div><div class=\"wpb_column vc_column_container\"><div class=\"vc_column-inner\"><div class=\"w-hwrapper valign_middle align_none\" style=\"--hwrapper-gap:1.6rem\"><div class=\"w-image us_custom_606da740 us_animate_this has_height align_none\"><div class=\"w-image-h\"><img decoding=\"async\" width=\"512\" height=\"512\" src=\"https:\/\/www.burak.com.tr\/de\/wp-content\/uploads\/2025\/05\/kadin-calisan-1.png\" class=\"attachment-full size-full\" alt=\"\" loading=\"lazy\" srcset=\"https:\/\/www.burak.com.tr\/de\/wp-content\/uploads\/2025\/05\/kadin-calisan-1.png 512w, https:\/\/www.burak.com.tr\/de\/wp-content\/uploads\/2025\/05\/kadin-calisan-1-300x300.png 300w, https:\/\/www.burak.com.tr\/de\/wp-content\/uploads\/2025\/05\/kadin-calisan-1-150x150.png 150w\" sizes=\"auto, (max-width: 512px) 100vw, 512px\" \/><\/div><\/div><div class=\"w-counter us_custom_ad20187f color_primary align_left has_font_size\" data-duration=\"4\"><div class=\"w-counter-value\"><span class=\"w-counter-value-part type_text\" data-final=\"%\">%<\/span><span class=\"w-counter-value-part type_number\" data-final=\"20\">0<\/span><span class=\"w-counter-value-part type_text\" data-final=\"\"><\/span><\/div><h6 class=\"w-counter-title\" style=\"font-size:16px;font-weight:300;\">Anteil weiblicher Mitarbeitender<\/h6><\/div><\/div><\/div><\/div><div class=\"wpb_column vc_column_container\"><div class=\"vc_column-inner\"><div class=\"w-hwrapper valign_middle align_none\" style=\"--hwrapper-gap:1.6rem\"><div class=\"w-image us_custom_b698b7be us_animate_this has_height align_none\"><div class=\"w-image-h\"><img decoding=\"async\" width=\"512\" height=\"512\" src=\"https:\/\/www.burak.com.tr\/de\/wp-content\/uploads\/2025\/06\/ulke-ikon.png\" class=\"attachment-full size-full\" alt=\"\" loading=\"lazy\" srcset=\"https:\/\/www.burak.com.tr\/de\/wp-content\/uploads\/2025\/06\/ulke-ikon.png 512w, https:\/\/www.burak.com.tr\/de\/wp-content\/uploads\/2025\/06\/ulke-ikon-300x300.png 300w, https:\/\/www.burak.com.tr\/de\/wp-content\/uploads\/2025\/06\/ulke-ikon-150x150.png 150w\" sizes=\"auto, (max-width: 512px) 100vw, 512px\" \/><\/div><\/div><div class=\"w-counter us_custom_ad20187f color_primary align_left has_font_size\" data-duration=\"4\"><div class=\"w-counter-value\"><span class=\"w-counter-value-part type_text\" data-final=\"\"><\/span><span class=\"w-counter-value-part type_number\" data-final=\"60\">0<\/span><span class=\"w-counter-value-part type_text\" data-final=\"+\">+<\/span><\/div><h6 class=\"w-counter-title\" style=\"font-size:16px;font-weight:300;\">L\u00e4nder<\/h6><\/div><\/div><\/div><\/div><\/div><\/div><\/div><\/div><\/div><\/section>\n","protected":false},"excerpt":{"rendered":"\"In allen Lebensbereichen\" Aluminium f\u00fcr den Bau einer nachhaltigen Zukunf arrow_forward_ios Mit Zahlen Burak Aluminium Unser Unternehmen ist seit 1984 im Bereich Aluminium-Extrusion t\u00e4tig und bietet unseren Partnern im industriellen und architektonischen Bereich ma\u00dfgeschneiderte L\u00f6sungen an. 0+ JahreKompetente Ingenieurserfahrung0mVollintegrierter geschlossener Bereich0+Innovatives Produkt- und Werkzeugportfolio0+ JahreForschungs- und Innovationszentrum f\u00fcr industrielle Anwendungen0+ JahreUmweltfreundliche Nachhaltigkeit0+Anzahl der Mitarbeiter%0Anteil weiblicher...","protected":false},"author":1,"featured_media":0,"parent":0,"menu_order":0,"comment_status":"closed","ping_status":"closed","template":"","meta":{"_acf_changed":false,"footnotes":""},"class_list":["post-6635","page","type-page","status-publish","hentry"],"acf":[],"yoast_head":"<!-- This site is optimized with the Yoast SEO plugin v27.3 - https:\/\/yoast.com\/product\/yoast-seo-wordpress\/ -->\n<title>Burak Aluminium<\/title>\n<meta name=\"robots\" content=\"index, follow, max-snippet:-1, max-image-preview:large, max-video-preview:-1\" \/>\n<link rel=\"canonical\" href=\"https:\/\/www.burak.com.tr\/de\/\" \/>\n<meta property=\"og:locale\" content=\"en_US\" \/>\n<meta property=\"og:type\" content=\"article\" \/>\n<meta property=\"og:title\" content=\"Burak Aluminium\" \/>\n<meta property=\"og:url\" content=\"https:\/\/www.burak.com.tr\/de\/\" \/>\n<meta property=\"og:site_name\" content=\"Burak Aluminium\" \/>\n<meta property=\"article:modified_time\" content=\"2026-05-12T11:12:15+00:00\" \/>\n<meta name=\"twitter:card\" content=\"summary_large_image\" \/>\n<meta name=\"twitter:label1\" content=\"Est. reading time\" \/>\n\t<meta name=\"twitter:data1\" content=\"1 minute\" \/>\n<script type=\"application\/ld+json\" class=\"yoast-schema-graph\">{\"@context\":\"https:\\\/\\\/schema.org\",\"@graph\":[{\"@type\":\"WebPage\",\"@id\":\"https:\\\/\\\/www.burak.com.tr\\\/de\\\/\",\"url\":\"https:\\\/\\\/www.burak.com.tr\\\/de\\\/\",\"name\":\"Burak Aluminium\",\"isPartOf\":{\"@id\":\"https:\\\/\\\/www.burak.com.tr\\\/de\\\/#website\"},\"datePublished\":\"2019-05-10T14:40:15+00:00\",\"dateModified\":\"2026-05-12T11:12:15+00:00\",\"breadcrumb\":{\"@id\":\"https:\\\/\\\/www.burak.com.tr\\\/de\\\/#breadcrumb\"},\"inLanguage\":\"en-US\",\"potentialAction\":[{\"@type\":\"ReadAction\",\"target\":[\"https:\\\/\\\/www.burak.com.tr\\\/de\\\/\"]}]},{\"@type\":\"BreadcrumbList\",\"@id\":\"https:\\\/\\\/www.burak.com.tr\\\/de\\\/#breadcrumb\",\"itemListElement\":[{\"@type\":\"ListItem\",\"position\":1,\"name\":\"Home\",\"item\":\"https:\\\/\\\/www.burak.com.tr\\\/de\\\/\"},{\"@type\":\"ListItem\",\"position\":2,\"name\":\"Startseite\"}]},{\"@type\":\"WebSite\",\"@id\":\"https:\\\/\\\/www.burak.com.tr\\\/de\\\/#website\",\"url\":\"https:\\\/\\\/www.burak.com.tr\\\/de\\\/\",\"name\":\"Burak Aluminium\",\"description\":\"\",\"potentialAction\":[{\"@type\":\"SearchAction\",\"target\":{\"@type\":\"EntryPoint\",\"urlTemplate\":\"https:\\\/\\\/www.burak.com.tr\\\/de\\\/?s={search_term_string}\"},\"query-input\":{\"@type\":\"PropertyValueSpecification\",\"valueRequired\":true,\"valueName\":\"search_term_string\"}}],\"inLanguage\":\"en-US\"}]}<\/script>\n<!-- \/ Yoast SEO plugin. -->","yoast_head_json":{"title":"Burak Aluminium","robots":{"index":"index","follow":"follow","max-snippet":"max-snippet:-1","max-image-preview":"max-image-preview:large","max-video-preview":"max-video-preview:-1"},"canonical":"https:\/\/www.burak.com.tr\/de\/","og_locale":"en_US","og_type":"article","og_title":"Burak Aluminium","og_url":"https:\/\/www.burak.com.tr\/de\/","og_site_name":"Burak Aluminium","article_modified_time":"2026-05-12T11:12:15+00:00","twitter_card":"summary_large_image","twitter_misc":{"Est. reading time":"1 minute"},"schema":{"@context":"https:\/\/schema.org","@graph":[{"@type":"WebPage","@id":"https:\/\/www.burak.com.tr\/de\/","url":"https:\/\/www.burak.com.tr\/de\/","name":"Burak Aluminium","isPartOf":{"@id":"https:\/\/www.burak.com.tr\/de\/#website"},"datePublished":"2019-05-10T14:40:15+00:00","dateModified":"2026-05-12T11:12:15+00:00","breadcrumb":{"@id":"https:\/\/www.burak.com.tr\/de\/#breadcrumb"},"inLanguage":"en-US","potentialAction":[{"@type":"ReadAction","target":["https:\/\/www.burak.com.tr\/de\/"]}]},{"@type":"BreadcrumbList","@id":"https:\/\/www.burak.com.tr\/de\/#breadcrumb","itemListElement":[{"@type":"ListItem","position":1,"name":"Home","item":"https:\/\/www.burak.com.tr\/de\/"},{"@type":"ListItem","position":2,"name":"Startseite"}]},{"@type":"WebSite","@id":"https:\/\/www.burak.com.tr\/de\/#website","url":"https:\/\/www.burak.com.tr\/de\/","name":"Burak Aluminium","description":"","potentialAction":[{"@type":"SearchAction","target":{"@type":"EntryPoint","urlTemplate":"https:\/\/www.burak.com.tr\/de\/?s={search_term_string}"},"query-input":{"@type":"PropertyValueSpecification","valueRequired":true,"valueName":"search_term_string"}}],"inLanguage":"en-US"}]}},"_links":{"self":[{"href":"https:\/\/www.burak.com.tr\/de\/wp-json\/wp\/v2\/pages\/6635","targetHints":{"allow":["GET"]}}],"collection":[{"href":"https:\/\/www.burak.com.tr\/de\/wp-json\/wp\/v2\/pages"}],"about":[{"href":"https:\/\/www.burak.com.tr\/de\/wp-json\/wp\/v2\/types\/page"}],"author":[{"embeddable":true,"href":"https:\/\/www.burak.com.tr\/de\/wp-json\/wp\/v2\/users\/1"}],"replies":[{"embeddable":true,"href":"https:\/\/www.burak.com.tr\/de\/wp-json\/wp\/v2\/comments?post=6635"}],"version-history":[{"count":158,"href":"https:\/\/www.burak.com.tr\/de\/wp-json\/wp\/v2\/pages\/6635\/revisions"}],"predecessor-version":[{"id":12070,"href":"https:\/\/www.burak.com.tr\/de\/wp-json\/wp\/v2\/pages\/6635\/revisions\/12070"}],"wp:attachment":[{"href":"https:\/\/www.burak.com.tr\/de\/wp-json\/wp\/v2\/media?parent=6635"}],"curies":[{"name":"wp","href":"https:\/\/api.w.org\/{rel}","templated":true}]}}